{"id":142,"date":"2015-04-26T14:00:35","date_gmt":"2015-04-26T12:00:35","guid":{"rendered":"http:\/\/ccd.ralfw.domainfactory-kunde.de\/?page_id=142"},"modified":"2019-08-15T13:13:37","modified_gmt":"2019-08-15T11:13:37","slug":"report","status":"publish","type":"page","link":"https:\/\/clean-code-developer.de\/en\/die-initiative\/berichte\/","title":{"rendered":"Reports"},"content":{"rendered":"<h1>Reporting on CCD<\/h1>\n<p>Where is the Clean Code Developer value system reported? Who comments on it? Who is applying it? Here are links to contributions of which we have become aware.<\/p>\n<h2>Reports on CCD<\/h2>\n<ul>\n<li><a title=\"Clean code is a must, but how?\" href=\"http:\/\/programm.froscon.org\/2011\/events\/870.html\" target=\"_blank\" rel=\"noopener noreferrer\">Clean code is a must, but how?<\/a>, Lecture at <a class=\"externallink\" title=\"FrOSCon\" href=\"http:\/\/programm.froscon.org\/\" target=\"_blank\" rel=\"noopener noreferrer\">FrOSCon<\/a> August 2011<\/li>\n<li><a title=\"Clean code is a must, but how?\" href=\"http:\/\/it-republik.de\/jaxenter\/java-magazin-ausgaben\/HTML-5-000422.html\" target=\"_blank\" rel=\"noopener noreferrer\">Clean code is a must, but how?<\/a>, published in Javamagazin December 2010<\/li>\n<li><a title=\"Don&#039;t take too long, put your head back\" href=\"http:\/\/web.archive.org\/web\/20160416090452\/http:\/\/it-republik.de\/jaxenter\/artikel\/Die-Clean-Code-Developer-Initiative-3157.html\" target=\"_blank\" rel=\"noopener noreferrer\">Don't take too long, put your head back<\/a>, published by jaxenter in June 2010<\/li>\n<li><a title=\"Interview with Stefan Lieser\" href=\"http:\/\/web.archive.org\/web\/20140521005744\/http:\/\/www.vksi.de:80\/fileadmin\/downloads\/magazin\/VKSIMagazin-1002m.pdf\" target=\"_blank\" rel=\"noopener noreferrer\">Interview with Stefan Lieser<\/a>, VKSI Magazine, p. 28ff<\/li>\n<li><a title=\"Clean code and the Scrum roots\" href=\"http:\/\/scrumcenter.com\/?q=node\/40\" target=\"_blank\" rel=\"noopener noreferrer\">Clean code and the Scrum roots<\/a>Christoph Mathis: Positive mention of CCD in the English-speaking Scrum community incl. CCD mindmap<\/li>\n<li><a title=\"Interview with Ralf Westphal on CCD\" href=\"http:\/\/www.heise.de\/developer\/artikel\/Ralf-Westphal-im-Gespraech-ueber-Clean-Code-Developer-403655.html\" target=\"_blank\" rel=\"noopener noreferrer\">Interview with Ralf Westphal on CCD<\/a>, heise Developer<\/li>\n<li><a title=\"Heise Developer on the Lightning Talk at the JUGC\" href=\"http:\/\/www.heise.de\/developer\/artikel\/JUGC-Event-Struts-2-Gradle-Rock-Star-Programmers-JSF-2-im-Fokus-849281.html\" target=\"_blank\" rel=\"noopener noreferrer\">Heise Developer on the Lightning Talk at the JUGC<\/a><\/li>\n<li>Erik Bollow\n<ul>\n<li><a title=\"Now working on CCD orange degree\" href=\"http:\/\/blog.bollow.name\/2009\/03\/now-working-on-ccd-orange-degree\/\" target=\"_blank\" rel=\"noopener noreferrer\">Now working on CCD orange degree<\/a><\/li>\n<li><a title=\"Clean Code as fundament for professional software development\" href=\"http:\/\/blog.bollow.name\/2009\/01\/clean-code-as-fundament-for-professional-software-development\/\" target=\"_blank\" rel=\"noopener noreferrer\">Clean Code as fundament for professional software development<\/a><\/li>\n<\/ul>\n<\/li>\n<li><a title=\"Message at Heise Developer\" href=\"http:\/\/www.heise.de\/developer\/Clean-Code-Developer-Forum-fuer-professionionelle-Softwareentwicklung--\/news\/meldung\/133625\" target=\"_blank\" rel=\"noopener noreferrer\">Message at Heise Developer<\/a><\/li>\n<li><a title=\"Discussion in the Software Craftsmanship Forum\" href=\"https:\/\/groups.google.com\/forum\/#!topic\/software_craftsmanship\/z3Wm1Mhypmc\" target=\"_blank\" rel=\"noopener noreferrer\">Discussion in the Software Craftsmanship Forum<\/a><\/li>\n<li>Alexander Schatten, <a title=\"Clean Code Developer\" href=\"http:\/\/best-practice-software-engineering.blogspot.com\/2009\/01\/clean-code-developer.html\" target=\"_blank\" rel=\"noopener noreferrer\">Clean Code Developer<\/a>Blog<\/li>\n<li>Ralf Westphal, <a title=\"Towards more professionalism\" href=\"http:\/\/www.dotnetpro.de\/articles\/onlinearticle2870.aspx\" target=\"_blank\" rel=\"noopener noreferrer\">Towards more professionalism<\/a>, dotnetpro 2\/09<\/li>\n<li>dotnetpro, <a title=\"Online News\" href=\"http:\/\/web.archive.org\/web\/20160417185617\/http:\/\/www.dotnetpro.de\/newsgroups\/newsgroupthread.aspx?id=7492\" target=\"_blank\" rel=\"noopener noreferrer\">Online News<\/a><\/li>\n<li>Stefan Lieser, <a title=\"http:\/\/www.lieser-online.de\/blog\/?p=145\" href=\"http:\/\/web.archive.org\/web\/20131010105209\/http:\/\/www.lieser-online.de\/blog\/?p=145\" target=\"_blank\" rel=\"noopener noreferrer\">http:\/\/www.lieser-online.de\/blog\/?p=145<\/a>Blog<\/li>\n<li>Ralf Westphal, <a title=\"Clean Code Developer - A path to more professionalism\" href=\"http:\/\/blog.ralfw.de\/2008\/12\/clean-code-developer-ein-weg-zu-mehr.html\" target=\"_blank\" rel=\"noopener noreferrer\">Clean Code Developer - A path to more professionalism<\/a>Blog<\/li>\n<li>J\u00f6rg R\u00fcckert, <a title=\"Java Blog for Clean Code Developers\" href=\"http:\/\/java-ccd.blogspot.com\/\" target=\"_blank\" rel=\"noopener noreferrer\">Java Blog for Clean Code Developers<\/a>Blog<\/li>\n<\/ul>\n<h2>CCD in user groups<\/h2>\n<ul>\n<li>.NET Developer Group Ulm <a title=\"http:\/\/www.dotnet-ulm.de\/Cleancodedeveloper.aspx\" href=\"http:\/\/www.dotnet-ulm.de\/Cleancodedeveloper.aspx\" target=\"_blank\" rel=\"noopener noreferrer\">http:\/\/www.dotnet-ulm.de\/Cleancodedeveloper.aspx<\/a><\/li>\n<\/ul>","protected":false},"excerpt":{"rendered":"<p>Berichterstattung \u00fcber CCD Wo wird \u00fcber das Clean Code Developer Wertesystem berichtet? Wer kommentiert es? Wer wendet es an? Hier Links zu Beitr\u00e4gen, von denen wir Kenntnis erhalten haben. Berichte \u00fcber CCD Clean Code muss sein, aber wie?, Vortrag bei FrOSCon August 2011 Clean Code muss sein, aber wie?, erschienen in Javamagazin Dezember 2010 Nicht [&hellip;]<\/p>\n","protected":false},"author":3,"featured_media":0,"parent":95,"menu_order":7,"comment_status":"closed","ping_status":"closed","template":"","meta":{"site-sidebar-layout":"default","site-content-layout":"","ast-site-content-layout":"default","site-content-style":"default","site-sidebar-style":"default","ast-global-header-display":"","ast-banner-title-visibility":"","ast-main-header-display":"","ast-hfb-above-header-display":"","ast-hfb-below-header-display":"","ast-hfb-mobile-header-display":"","site-post-title":"","ast-breadcrumbs-content":"","ast-featured-img":"","footer-sml-layout":"","ast-disable-related-posts":"","theme-transparent-header-meta":"","adv-header-id-meta":"","stick-header-meta":"","header-above-stick-meta":"","header-main-stick-meta":"","header-below-stick-meta":"","astra-migrate-meta-layouts":"default","ast-page-background-enabled":"default","ast-page-background-meta":{"desktop":{"background-color":"var(--ast-global-color-4)","background-image":"","background-repeat":"repeat","background-position":"center center","background-size":"auto","background-attachment":"scroll","background-type":"","background-media":"","overlay-type":"","overlay-color":"","overlay-opacity":"","overlay-gradient":""},"tablet":{"background-color":"","background-image":"","background-repeat":"repeat","background-position":"center center","background-size":"auto","background-attachment":"scroll","background-type":"","background-media":"","overlay-type":"","overlay-color":"","overlay-opacity":"","overlay-gradient":""},"mobile":{"background-color":"","background-image":"","background-repeat":"repeat","background-position":"center center","background-size":"auto","background-attachment":"scroll","background-type":"","background-media":"","overlay-type":"","overlay-color":"","overlay-opacity":"","overlay-gradient":""}},"ast-content-background-meta":{"desktop":{"background-color":"var(--ast-global-color-5)","background-image":"","background-repeat":"repeat","background-position":"center center","background-size":"auto","background-attachment":"scroll","background-type":"","background-media":"","overlay-type":"","overlay-color":"","overlay-opacity":"","overlay-gradient":""},"tablet":{"background-color":"var(--ast-global-color-5)","background-image":"","background-repeat":"repeat","background-position":"center center","background-size":"auto","background-attachment":"scroll","background-type":"","background-media":"","overlay-type":"","overlay-color":"","overlay-opacity":"","overlay-gradient":""},"mobile":{"background-color":"var(--ast-global-color-5)","background-image":"","background-repeat":"repeat","background-position":"center center","background-size":"auto","background-attachment":"scroll","background-type":"","background-media":"","overlay-type":"","overlay-color":"","overlay-opacity":"","overlay-gradient":""}},"footnotes":""},"class_list":["post-142","page","type-page","status-publish","hentry"],"aioseo_notices":[],"_links":{"self":[{"href":"https:\/\/clean-code-developer.de\/en\/wp-json\/wp\/v2\/pages\/142","targetHints":{"allow":["GET"]}}],"collection":[{"href":"https:\/\/clean-code-developer.de\/en\/wp-json\/wp\/v2\/pages"}],"about":[{"href":"https:\/\/clean-code-developer.de\/en\/wp-json\/wp\/v2\/types\/page"}],"author":[{"embeddable":true,"href":"https:\/\/clean-code-developer.de\/en\/wp-json\/wp\/v2\/users\/3"}],"replies":[{"embeddable":true,"href":"https:\/\/clean-code-developer.de\/en\/wp-json\/wp\/v2\/comments?post=142"}],"version-history":[{"count":5,"href":"https:\/\/clean-code-developer.de\/en\/wp-json\/wp\/v2\/pages\/142\/revisions"}],"predecessor-version":[{"id":580,"href":"https:\/\/clean-code-developer.de\/en\/wp-json\/wp\/v2\/pages\/142\/revisions\/580"}],"up":[{"embeddable":true,"href":"https:\/\/clean-code-developer.de\/en\/wp-json\/wp\/v2\/pages\/95"}],"wp:attachment":[{"href":"https:\/\/clean-code-developer.de\/en\/wp-json\/wp\/v2\/media?parent=142"}],"curies":[{"name":"wp","href":"https:\/\/api.w.org\/{rel}","templated":true}]}}