{"id":19,"date":"2015-04-26T14:00:11","date_gmt":"2015-04-26T12:00:11","guid":{"rendered":"http:\/\/ccd.ralfw.domainfactory-kunde.de\/?page_id=19"},"modified":"2021-12-21T09:45:50","modified_gmt":"2021-12-21T08:45:50","slug":"black-degree","status":"publish","type":"page","link":"https:\/\/clean-code-developer.de\/en\/die-grade\/schwarzer-grad\/","title":{"rendered":"Black degree"},"content":{"rendered":"<p>Clean Code Developers (CCD) develop step by step in a <a href=\"http:\/\/clean-code-developer.de\/en\/the-straight\/\">Grade system<\/a>. The real work itself begins with the <a href=\"http:\/\/clean-code-developer.de\/en\/the-straight\/red-degree\/\">red degree<\/a>. But what if someone is interested in clean code development but doesn't know how to get started? What if they are motivated but still face organizational hurdles in the project?<\/p>\n<p>In order to be able to \"identify\" ourselves as Clean Code Developers, we have already given the <a href=\"http:\/\/clean-code-developer.de\/en\/the-straight\/red-degree\/\">red degree<\/a> another one in front of it, the black one. On the step of the <a href=\"http:\/\/clean-code-developer.de\/en\/the-straight\/black-degree\/\">black grade<\/a> the CCD interested party wears a black wristband to identify himself as a \"seeker\". Working on yourself every day in the spirit of <a href=\"http:\/\/clean-code-developer.de\/en\/the-value-system\/\">CCD value system<\/a> but it does not.<\/p>\n<p>The black degree bracelet merely signals interest and reminds you to fulfill the prerequisite for working on the <a href=\"http:\/\/clean-code-developer.de\/en\/the-straight\/red-degree\/\">red degree<\/a> to create. Black wristbands can therefore be distributed without restriction. They are viral advertising media for clean code developers.<\/p>\n<p>We continue with the <a href=\"http:\/\/clean-code-developer.de\/en\/the-straight\/red-degree\/\">red degree<\/a>.<\/p>","protected":false},"excerpt":{"rendered":"<p>Clean Code Developer (CCD) entwickeln sich stufenweise in einem Grade-System. Die wirkliche Arbeit an sich beginnt dabei mit dem roten Grad. Was aber, wenn sich jemand f\u00fcr Clean Code Development interessiert, aber noch nicht wei\u00df, wie er anfangen soll? Was, wenn er motiviert ist, aber ihm noch organisatorische H\u00fcrden im Projekt entgegenstehen? Um sich auch [&hellip;]<\/p>\n","protected":false},"author":3,"featured_media":0,"parent":17,"menu_order":1,"comment_status":"closed","ping_status":"closed","template":"","meta":{"site-sidebar-layout":"default","site-content-layout":"","ast-site-content-layout":"default","site-content-style":"default","site-sidebar-style":"default","ast-global-header-display":"","ast-banner-title-visibility":"","ast-main-header-display":"","ast-hfb-above-header-display":"","ast-hfb-below-header-display":"","ast-hfb-mobile-header-display":"","site-post-title":"","ast-breadcrumbs-content":"","ast-featured-img":"","footer-sml-layout":"","ast-disable-related-posts":"","theme-transparent-header-meta":"","adv-header-id-meta":"","stick-header-meta":"","header-above-stick-meta":"","header-main-stick-meta":"","header-below-stick-meta":"","astra-migrate-meta-layouts":"default","ast-page-background-enabled":"default","ast-page-background-meta":{"desktop":{"background-color":"var(--ast-global-color-4)","background-image":"","background-repeat":"repeat","background-position":"center center","background-size":"auto","background-attachment":"scroll","background-type":"","background-media":"","overlay-type":"","overlay-color":"","overlay-opacity":"","overlay-gradient":""},"tablet":{"background-color":"","background-image":"","background-repeat":"repeat","background-position":"center center","background-size":"auto","background-attachment":"scroll","background-type":"","background-media":"","overlay-type":"","overlay-color":"","overlay-opacity":"","overlay-gradient":""},"mobile":{"background-color":"","background-image":"","background-repeat":"repeat","background-position":"center center","background-size":"auto","background-attachment":"scroll","background-type":"","background-media":"","overlay-type":"","overlay-color":"","overlay-opacity":"","overlay-gradient":""}},"ast-content-background-meta":{"desktop":{"background-color":"var(--ast-global-color-5)","background-image":"","background-repeat":"repeat","background-position":"center center","background-size":"auto","background-attachment":"scroll","background-type":"","background-media":"","overlay-type":"","overlay-color":"","overlay-opacity":"","overlay-gradient":""},"tablet":{"background-color":"var(--ast-global-color-5)","background-image":"","background-repeat":"repeat","background-position":"center center","background-size":"auto","background-attachment":"scroll","background-type":"","background-media":"","overlay-type":"","overlay-color":"","overlay-opacity":"","overlay-gradient":""},"mobile":{"background-color":"var(--ast-global-color-5)","background-image":"","background-repeat":"repeat","background-position":"center center","background-size":"auto","background-attachment":"scroll","background-type":"","background-media":"","overlay-type":"","overlay-color":"","overlay-opacity":"","overlay-gradient":""}},"footnotes":""},"class_list":["post-19","page","type-page","status-publish","hentry"],"aioseo_notices":[],"_links":{"self":[{"href":"https:\/\/clean-code-developer.de\/en\/wp-json\/wp\/v2\/pages\/19","targetHints":{"allow":["GET"]}}],"collection":[{"href":"https:\/\/clean-code-developer.de\/en\/wp-json\/wp\/v2\/pages"}],"about":[{"href":"https:\/\/clean-code-developer.de\/en\/wp-json\/wp\/v2\/types\/page"}],"author":[{"embeddable":true,"href":"https:\/\/clean-code-developer.de\/en\/wp-json\/wp\/v2\/users\/3"}],"replies":[{"embeddable":true,"href":"https:\/\/clean-code-developer.de\/en\/wp-json\/wp\/v2\/comments?post=19"}],"version-history":[{"count":4,"href":"https:\/\/clean-code-developer.de\/en\/wp-json\/wp\/v2\/pages\/19\/revisions"}],"predecessor-version":[{"id":689,"href":"https:\/\/clean-code-developer.de\/en\/wp-json\/wp\/v2\/pages\/19\/revisions\/689"}],"up":[{"embeddable":true,"href":"https:\/\/clean-code-developer.de\/en\/wp-json\/wp\/v2\/pages\/17"}],"wp:attachment":[{"href":"https:\/\/clean-code-developer.de\/en\/wp-json\/wp\/v2\/media?parent=19"}],"curies":[{"name":"wp","href":"https:\/\/api.w.org\/{rel}","templated":true}]}}