{"id":471,"date":"2017-07-04T11:18:33","date_gmt":"2017-07-04T09:18:33","guid":{"rendered":"http:\/\/clean-code-developer.de\/?page_id=471"},"modified":"2018-05-10T13:10:41","modified_gmt":"2018-05-10T11:10:41","slug":"data-protection-declaration","status":"publish","type":"page","link":"https:\/\/clean-code-developer.de\/en\/datenschutzerklaerung\/","title":{"rendered":"Privacy policy"},"content":{"rendered":"<h2>Privacy policy<\/h2>\n<p>It is possible to use our website without providing personal data. Different regulations may apply to the use of individual services on our website, which are explained separately below. Your personal data (e.g. name, address, e-mail, telephone number, etc.) will only be processed by us in accordance with the provisions of German data protection law. Data is personal if it can be clearly assigned to a specific natural person. The legal basis for data protection can be found in the Federal Data Protection Act (BDSG) and the Telemedia Act (TMG). In this respect, the following regulations inform you about the type, scope and purpose of the collection, use and processing of personal data by the provider<\/p>\n<p>Ralf Westphal<br \/>\nHans-Henny-Jahnn-Weg 44<br \/>\n22085 Hamburg<br \/>\nTel 0170-3200458<\/p>\n<p>Stefan Lieser<br \/>\nWilli-Lauf-Allee 3<br \/>\n50858 Cologne<br \/>\nTel +49 1525 6806877<\/p>\n<p>Email info@clean-code-developer.com<\/p>\n<p>We would like to point out that Internet-based data transmission is subject to security vulnerabilities, making complete protection against access by third parties impossible.<\/p>\n<h4>Cookies<\/h4>\n<p>We use so-called cookies on our website to recognize multiple use of our offer by the same user\/internet connection owner. Cookies are small text files that your Internet browser stores on your computer. They are used to optimize our website and our offers. These are usually so-called \"session cookies\", which are deleted again at the end of your visit.<br \/>\nHowever, some of these cookies provide information to automatically recognize you. This recognition is based on the IP address stored in the cookies. The information obtained in this way is used to optimize our offers and make it easier for you to access our website.<br \/>\nYou may refuse the use of cookies by selecting the appropriate settings on your browser, however please note that if you do this you may not be able to use the full functionality of our website.<\/p>\n<h4>Server data<\/h4>\n<p>For technical reasons, the following data, which your Internet browser transmits to us or to our web space provider, is recorded (so-called server log files):<\/p>\n<p>- Browser type and version<br \/>\n- Operating system used<br \/>\n- Website from which you visit us (referrer URL)<br \/>\n- Website you visit<br \/>\n- Date and time of your access<br \/>\n- Your Internet Protocol (IP) address.<\/p>\n<p>This anonymous data is stored separately from any personal data you may have provided and therefore does not allow any conclusions to be drawn about a specific person. They are evaluated for statistical purposes in order to optimize our website and our offers.<\/p>\n<h3>Information\/revocation\/deletion<\/h3>\n<p>In accordance with the Federal Data Protection Act, you can contact us free of charge if you have any questions regarding the collection, processing or use of your personal data and the correction, blocking, deletion or revocation of your consent. We would like to point out that you have the right to have incorrect data corrected or personal data deleted if this claim does not conflict with any legal obligation to retain data.<\/p>\n<p><a href=\"https:\/\/www.ratgeberrecht.eu\/leistungen\/muster-datenschutzerklaerung.html\" target=\"_blank\" rel=\"noopener\">Sample data protection declaration<\/a> the <a href=\"https:\/\/www.ratgeberrecht.eu\/\" target=\"_blank\" rel=\"noopener\">Law firm Wei\u00df &amp; Partner<\/a><\/p>","protected":false},"excerpt":{"rendered":"<p>Datenschutzerkl\u00e4rung Die Nutzung unserer Seite ist ohne eine Angabe von personenbezogenen Daten m\u00f6glich. F\u00fcr die Nutzung einzelner Services unserer Seite k\u00f6nnen sich hierf\u00fcr abweichende Regelungen ergeben, die in diesem Falle nachstehend gesondert erl\u00e4utert werden. Ihre personenbezogenen Daten (z.B. Name, Anschrift, E-Mail, Telefonnummer, u.\u00e4.) werden von uns nur gem\u00e4\u00df den Bestimmungen des deutschen Datenschutzrechts verarbeitet. Daten [&hellip;]<\/p>\n","protected":false},"author":7,"featured_media":0,"parent":0,"menu_order":0,"comment_status":"closed","ping_status":"closed","template":"","meta":{"site-sidebar-layout":"default","site-content-layout":"","ast-site-content-layout":"default","site-content-style":"default","site-sidebar-style":"default","ast-global-header-display":"","ast-banner-title-visibility":"","ast-main-header-display":"","ast-hfb-above-header-display":"","ast-hfb-below-header-display":"","ast-hfb-mobile-header-display":"","site-post-title":"","ast-breadcrumbs-content":"","ast-featured-img":"","footer-sml-layout":"","ast-disable-related-posts":"","theme-transparent-header-meta":"","adv-header-id-meta":"","stick-header-meta":"","header-above-stick-meta":"","header-main-stick-meta":"","header-below-stick-meta":"","astra-migrate-meta-layouts":"default","ast-page-background-enabled":"default","ast-page-background-meta":{"desktop":{"background-color":"var(--ast-global-color-4)","background-image":"","background-repeat":"repeat","background-position":"center center","background-size":"auto","background-attachment":"scroll","background-type":"","background-media":"","overlay-type":"","overlay-color":"","overlay-opacity":"","overlay-gradient":""},"tablet":{"background-color":"","background-image":"","background-repeat":"repeat","background-position":"center center","background-size":"auto","background-attachment":"scroll","background-type":"","background-media":"","overlay-type":"","overlay-color":"","overlay-opacity":"","overlay-gradient":""},"mobile":{"background-color":"","background-image":"","background-repeat":"repeat","background-position":"center center","background-size":"auto","background-attachment":"scroll","background-type":"","background-media":"","overlay-type":"","overlay-color":"","overlay-opacity":"","overlay-gradient":""}},"ast-content-background-meta":{"desktop":{"background-color":"var(--ast-global-color-5)","background-image":"","background-repeat":"repeat","background-position":"center center","background-size":"auto","background-attachment":"scroll","background-type":"","background-media":"","overlay-type":"","overlay-color":"","overlay-opacity":"","overlay-gradient":""},"tablet":{"background-color":"var(--ast-global-color-5)","background-image":"","background-repeat":"repeat","background-position":"center center","background-size":"auto","background-attachment":"scroll","background-type":"","background-media":"","overlay-type":"","overlay-color":"","overlay-opacity":"","overlay-gradient":""},"mobile":{"background-color":"var(--ast-global-color-5)","background-image":"","background-repeat":"repeat","background-position":"center center","background-size":"auto","background-attachment":"scroll","background-type":"","background-media":"","overlay-type":"","overlay-color":"","overlay-opacity":"","overlay-gradient":""}},"footnotes":""},"class_list":["post-471","page","type-page","status-publish","hentry"],"aioseo_notices":[],"_links":{"self":[{"href":"https:\/\/clean-code-developer.de\/en\/wp-json\/wp\/v2\/pages\/471","targetHints":{"allow":["GET"]}}],"collection":[{"href":"https:\/\/clean-code-developer.de\/en\/wp-json\/wp\/v2\/pages"}],"about":[{"href":"https:\/\/clean-code-developer.de\/en\/wp-json\/wp\/v2\/types\/page"}],"author":[{"embeddable":true,"href":"https:\/\/clean-code-developer.de\/en\/wp-json\/wp\/v2\/users\/7"}],"replies":[{"embeddable":true,"href":"https:\/\/clean-code-developer.de\/en\/wp-json\/wp\/v2\/comments?post=471"}],"version-history":[{"count":3,"href":"https:\/\/clean-code-developer.de\/en\/wp-json\/wp\/v2\/pages\/471\/revisions"}],"predecessor-version":[{"id":545,"href":"https:\/\/clean-code-developer.de\/en\/wp-json\/wp\/v2\/pages\/471\/revisions\/545"}],"wp:attachment":[{"href":"https:\/\/clean-code-developer.de\/en\/wp-json\/wp\/v2\/media?parent=471"}],"curies":[{"name":"wp","href":"https:\/\/api.w.org\/{rel}","templated":true}]}}