{"id":142,"date":"2015-04-26T14:00:35","date_gmt":"2015-04-26T12:00:35","guid":{"rendered":"http:\/\/ccd.ralfw.domainfactory-kunde.de\/?page_id=142"},"modified":"2019-08-15T13:13:37","modified_gmt":"2019-08-15T11:13:37","slug":"informe","status":"publish","type":"page","link":"https:\/\/clean-code-developer.de\/es\/die-initiative\/berichte\/","title":{"rendered":"Informes"},"content":{"rendered":"<h1>Informes sobre la DAC<\/h1>\n<p>\u00bfD\u00f3nde se informa del sistema de valores de Clean Code Developer? \u00bfQui\u00e9n lo comenta? \u00bfQui\u00e9n lo aplica? Aqu\u00ed tiene enlaces a las contribuciones que hemos recibido.<\/p>\n<h2>Informes sobre la CCD<\/h2>\n<ul>\n<li><a title=\"El c\u00f3digo limpio es imprescindible, pero \u00bfc\u00f3mo?\" href=\"http:\/\/programm.froscon.org\/2011\/events\/870.html\" target=\"_blank\" rel=\"noopener noreferrer\">El c\u00f3digo limpio es imprescindible, pero \u00bfc\u00f3mo?<\/a>Conferencia en <a class=\"externallink\" title=\"FrOSCon\" href=\"http:\/\/programm.froscon.org\/\" target=\"_blank\" rel=\"noopener noreferrer\">FrOSCon<\/a> Agosto 2011<\/li>\n<li><a title=\"El c\u00f3digo limpio es imprescindible, pero \u00bfc\u00f3mo?\" href=\"http:\/\/it-republik.de\/jaxenter\/java-magazin-ausgaben\/HTML-5-000422.html\" target=\"_blank\" rel=\"noopener noreferrer\">El c\u00f3digo limpio es imprescindible, pero \u00bfc\u00f3mo?<\/a>publicado en Javamagazin en diciembre de 2010<\/li>\n<li><a title=\"No tardes mucho, echa la cabeza hacia atr\u00e1s\" href=\"http:\/\/web.archive.org\/web\/20160416090452\/http:\/\/it-republik.de\/jaxenter\/artikel\/Die-Clean-Code-Developer-Initiative-3157.html\" target=\"_blank\" rel=\"noopener noreferrer\">No tardes mucho, echa la cabeza hacia atr\u00e1s<\/a>publicado por jaxenter en junio de 2010<\/li>\n<li><a title=\"Entrevista con Stefan Lieser\" href=\"http:\/\/web.archive.org\/web\/20140521005744\/http:\/\/www.vksi.de:80\/fileadmin\/downloads\/magazin\/VKSIMagazin-1002m.pdf\" target=\"_blank\" rel=\"noopener noreferrer\">Entrevista con Stefan Lieser<\/a>Revista VKSI, p. 28 y ss.<\/li>\n<li><a title=\"C\u00f3digo limpio y las ra\u00edces de Scrum\" href=\"http:\/\/scrumcenter.com\/?q=node\/40\" target=\"_blank\" rel=\"noopener noreferrer\">C\u00f3digo limpio y las ra\u00edces de Scrum<\/a>Christoph Mathis: Menci\u00f3n positiva de CCD en la comunidad Scrum angloparlante incl. CCD mindmap<\/li>\n<li><a title=\"Entrevista con Ralf Westphal sobre el CCD\" href=\"http:\/\/www.heise.de\/developer\/artikel\/Ralf-Westphal-im-Gespraech-ueber-Clean-Code-Developer-403655.html\" target=\"_blank\" rel=\"noopener noreferrer\">Entrevista con Ralf Westphal sobre el CCD<\/a>Desarrollador heise<\/li>\n<li><a title=\"Heise Developer en la charla rel\u00e1mpago del JUGC\" href=\"http:\/\/www.heise.de\/developer\/artikel\/JUGC-Event-Struts-2-Gradle-Rock-Star-Programmers-JSF-2-im-Fokus-849281.html\" target=\"_blank\" rel=\"noopener noreferrer\">Heise Developer en la charla rel\u00e1mpago del JUGC<\/a><\/li>\n<li>Erik Bollow\n<ul>\n<li><a title=\"Ahora trabajando en CCD grado naranja\" href=\"http:\/\/blog.bollow.name\/2009\/03\/now-working-on-ccd-orange-degree\/\" target=\"_blank\" rel=\"noopener noreferrer\">Ahora trabajando en CCD grado naranja<\/a><\/li>\n<li><a title=\"C\u00f3digo limpio como fundamento del desarrollo profesional de software\" href=\"http:\/\/blog.bollow.name\/2009\/01\/clean-code-as-fundament-for-professional-software-development\/\" target=\"_blank\" rel=\"noopener noreferrer\">C\u00f3digo limpio como fundamento del desarrollo profesional de software<\/a><\/li>\n<\/ul>\n<\/li>\n<li><a title=\"Mensaje en Heise Developer\" href=\"http:\/\/www.heise.de\/developer\/Clean-Code-Developer-Forum-fuer-professionionelle-Softwareentwicklung--\/news\/meldung\/133625\" target=\"_blank\" rel=\"noopener noreferrer\">Mensaje en Heise Developer<\/a><\/li>\n<li><a title=\"Debate en el foro Software Craftsmanship\" href=\"https:\/\/groups.google.com\/forum\/#!topic\/software_craftsmanship\/z3Wm1Mhypmc\" target=\"_blank\" rel=\"noopener noreferrer\">Debate en el foro Software Craftsmanship<\/a><\/li>\n<li>Alexander Schatten, <a title=\"Desarrollador de c\u00f3digo limpio\" href=\"http:\/\/best-practice-software-engineering.blogspot.com\/2009\/01\/clean-code-developer.html\" target=\"_blank\" rel=\"noopener noreferrer\">Desarrollador de c\u00f3digo limpio<\/a>Blog<\/li>\n<li>Ralf Westphal, <a title=\"Hacia una mayor profesionalidad\" href=\"http:\/\/www.dotnetpro.de\/articles\/onlinearticle2870.aspx\" target=\"_blank\" rel=\"noopener noreferrer\">Hacia una mayor profesionalidad<\/a>, dotnetpro 2\/09<\/li>\n<li>dotnetpro, <a title=\"Noticias en l\u00ednea\" href=\"http:\/\/web.archive.org\/web\/20160417185617\/http:\/\/www.dotnetpro.de\/newsgroups\/newsgroupthread.aspx?id=7492\" target=\"_blank\" rel=\"noopener noreferrer\">Noticias en l\u00ednea<\/a><\/li>\n<li>Stefan Lieser, <a title=\"http:\/\/www.lieser-online.de\/blog\/?p=145\" href=\"http:\/\/web.archive.org\/web\/20131010105209\/http:\/\/www.lieser-online.de\/blog\/?p=145\" target=\"_blank\" rel=\"noopener noreferrer\">http:\/\/www.lieser-online.de\/blog\/?p=145<\/a>Blog<\/li>\n<li>Ralf Westphal, <a title=\"Clean Code Developer - Un camino hacia una mayor profesionalidad\" href=\"http:\/\/blog.ralfw.de\/2008\/12\/clean-code-developer-ein-weg-zu-mehr.html\" target=\"_blank\" rel=\"noopener noreferrer\">Clean Code Developer - Un camino hacia una mayor profesionalidad<\/a>Blog<\/li>\n<li>J\u00f6rg R\u00fcckert, <a title=\"Blog Java para desarrolladores de c\u00f3digo limpio\" href=\"http:\/\/java-ccd.blogspot.com\/\" target=\"_blank\" rel=\"noopener noreferrer\">Blog Java para desarrolladores de c\u00f3digo limpio<\/a>Blog<\/li>\n<\/ul>\n<h2>CCD en grupos de usuarios<\/h2>\n<ul>\n<li>Grupo de desarrolladores .NET Ulm <a title=\"http:\/\/www.dotnet-ulm.de\/Cleancodedeveloper.aspx\" href=\"http:\/\/www.dotnet-ulm.de\/Cleancodedeveloper.aspx\" target=\"_blank\" rel=\"noopener noreferrer\">http:\/\/www.dotnet-ulm.de\/Cleancodedeveloper.aspx<\/a><\/li>\n<\/ul>","protected":false},"excerpt":{"rendered":"<p>Berichterstattung \u00fcber CCD Wo wird \u00fcber das Clean Code Developer Wertesystem berichtet? Wer kommentiert es? Wer wendet es an? Hier Links zu Beitr\u00e4gen, von denen wir Kenntnis erhalten haben. Berichte \u00fcber CCD Clean Code muss sein, aber wie?, Vortrag bei FrOSCon August 2011 Clean Code muss sein, aber wie?, erschienen in Javamagazin Dezember 2010 Nicht [&hellip;]<\/p>\n","protected":false},"author":3,"featured_media":0,"parent":95,"menu_order":7,"comment_status":"closed","ping_status":"closed","template":"","meta":{"site-sidebar-layout":"default","site-content-layout":"","ast-site-content-layout":"default","site-content-style":"default","site-sidebar-style":"default","ast-global-header-display":"","ast-banner-title-visibility":"","ast-main-header-display":"","ast-hfb-above-header-display":"","ast-hfb-below-header-display":"","ast-hfb-mobile-header-display":"","site-post-title":"","ast-breadcrumbs-content":"","ast-featured-img":"","footer-sml-layout":"","ast-disable-related-posts":"","theme-transparent-header-meta":"","adv-header-id-meta":"","stick-header-meta":"","header-above-stick-meta":"","header-main-stick-meta":"","header-below-stick-meta":"","astra-migrate-meta-layouts":"default","ast-page-background-enabled":"default","ast-page-background-meta":{"desktop":{"background-color":"var(--ast-global-color-4)","background-image":"","background-repeat":"repeat","background-position":"center center","background-size":"auto","background-attachment":"scroll","background-type":"","background-media":"","overlay-type":"","overlay-color":"","overlay-opacity":"","overlay-gradient":""},"tablet":{"background-color":"","background-image":"","background-repeat":"repeat","background-position":"center center","background-size":"auto","background-attachment":"scroll","background-type":"","background-media":"","overlay-type":"","overlay-color":"","overlay-opacity":"","overlay-gradient":""},"mobile":{"background-color":"","background-image":"","background-repeat":"repeat","background-position":"center center","background-size":"auto","background-attachment":"scroll","background-type":"","background-media":"","overlay-type":"","overlay-color":"","overlay-opacity":"","overlay-gradient":""}},"ast-content-background-meta":{"desktop":{"background-color":"var(--ast-global-color-5)","background-image":"","background-repeat":"repeat","background-position":"center center","background-size":"auto","background-attachment":"scroll","background-type":"","background-media":"","overlay-type":"","overlay-color":"","overlay-opacity":"","overlay-gradient":""},"tablet":{"background-color":"var(--ast-global-color-5)","background-image":"","background-repeat":"repeat","background-position":"center center","background-size":"auto","background-attachment":"scroll","background-type":"","background-media":"","overlay-type":"","overlay-color":"","overlay-opacity":"","overlay-gradient":""},"mobile":{"background-color":"var(--ast-global-color-5)","background-image":"","background-repeat":"repeat","background-position":"center center","background-size":"auto","background-attachment":"scroll","background-type":"","background-media":"","overlay-type":"","overlay-color":"","overlay-opacity":"","overlay-gradient":""}},"footnotes":""},"class_list":["post-142","page","type-page","status-publish","hentry"],"aioseo_notices":[],"_links":{"self":[{"href":"https:\/\/clean-code-developer.de\/es\/wp-json\/wp\/v2\/pages\/142","targetHints":{"allow":["GET"]}}],"collection":[{"href":"https:\/\/clean-code-developer.de\/es\/wp-json\/wp\/v2\/pages"}],"about":[{"href":"https:\/\/clean-code-developer.de\/es\/wp-json\/wp\/v2\/types\/page"}],"author":[{"embeddable":true,"href":"https:\/\/clean-code-developer.de\/es\/wp-json\/wp\/v2\/users\/3"}],"replies":[{"embeddable":true,"href":"https:\/\/clean-code-developer.de\/es\/wp-json\/wp\/v2\/comments?post=142"}],"version-history":[{"count":5,"href":"https:\/\/clean-code-developer.de\/es\/wp-json\/wp\/v2\/pages\/142\/revisions"}],"predecessor-version":[{"id":580,"href":"https:\/\/clean-code-developer.de\/es\/wp-json\/wp\/v2\/pages\/142\/revisions\/580"}],"up":[{"embeddable":true,"href":"https:\/\/clean-code-developer.de\/es\/wp-json\/wp\/v2\/pages\/95"}],"wp:attachment":[{"href":"https:\/\/clean-code-developer.de\/es\/wp-json\/wp\/v2\/media?parent=142"}],"curies":[{"name":"wp","href":"https:\/\/api.w.org\/{rel}","templated":true}]}}