{"id":149,"date":"2015-04-26T14:00:07","date_gmt":"2015-04-26T12:00:07","guid":{"rendered":"http:\/\/ccd.ralfw.domainfactory-kunde.de\/?page_id=149"},"modified":"2021-10-28T19:04:56","modified_gmt":"2021-10-28T17:04:56","slug":"equipo","status":"publish","type":"page","link":"https:\/\/clean-code-developer.de\/es\/die-initiative\/team\/","title":{"rendered":"Equipo"},"content":{"rendered":"<h1>El equipo de desarrolladores de Clean Code<\/h1>\n<h2>Stefan Lieser<\/h2>\n<p><a href=\"https:\/\/clean-code-developer.de\/wp-content\/uploads\/2021\/10\/mgm4114_small.jpeg\"><img fetchpriority=\"high\" decoding=\"async\" class=\"wp-image-658 size-medium alignleft\" src=\"https:\/\/clean-code-developer.de\/wp-content\/uploads\/2021\/10\/mgm4114_small-300x200.jpeg\" alt=\"Stefan Lieser\" width=\"300\" height=\"200\" srcset=\"https:\/\/clean-code-developer.de\/wp-content\/uploads\/2021\/10\/mgm4114_small-300x200.jpeg 300w, https:\/\/clean-code-developer.de\/wp-content\/uploads\/2021\/10\/mgm4114_small.jpeg 640w\" sizes=\"(max-width: 300px) 100vw, 300px\" \/><\/a>Stefan Lieser es un apasionado de la inform\u00e1tica y trabaja como formador, consultor y autor. Busca constantemente mejoras y nuevas formas de mejorar la calidad interna del software y el proceso de desarrollo. Con la CCD Akademie GmbH (<a href=\"http:\/\/ccd-akademie.de\">http:\/\/ccd-akademie.de<\/a>), ofrece formaci\u00f3n y consultor\u00eda sobre todos los aspectos del c\u00f3digo limpio.<\/p>\n<h2>Ralf Westphal<\/h2>\n<p><img decoding=\"async\" class=\"alignleft size-full wp-image-229\" src=\"http:\/\/clean-code-developer.de\/wp-content\/uploads\/2015\/04\/ralf-westphal.jpg\" alt=\"Ralf Westphal\" width=\"135\" height=\"151\" \/>Ralf Westphal (<a title=\"http:\/\/www.ralfw.de\" href=\"http:\/\/www.ralfw.de\/\" target=\"_blank\" rel=\"noopener\">http:\/\/www.ralfw.de<\/a>) es consultor aut\u00f3nomo en tecnolog\u00eda de software. Trabaja como autor especializado con m\u00e1s de 500 publicaciones, coach\/consultor y ponente en eventos para desarrolladores en Alemania y en el extranjero.<\/p>\n<p>Su trabajo se centra en la producci\u00f3n sostenible de software y la promoci\u00f3n de m\u00e9todos innovadores en el desarrollo de software. Cuando se trata de impartir conocimientos, le gusta recorrer caminos poco habituales: desde 2009 con la <a href=\"http:\/\/ccd-school.de\" target=\"_blank\" rel=\"noopener\">Escuela de desarrolladores de c\u00f3digo limpio<\/a>.<\/p>","protected":false},"excerpt":{"rendered":"<p>Das Clean Code Developer Team Stefan Lieser Stefan Lieser\u00a0ist Informatiker aus Leidenschaft und arbeitet als Trainer, Berater und Autor. Er sucht st\u00e4ndig nach Verbesserung und neuen Wegen, um die innere Qualit\u00e4t von Software sowie den Entwicklungsprozess zu verbessern. Mit der CCD Akademie GmbH (http:\/\/ccd-akademie.de) bietet er Trainings und Beratung rund um das Thema Clean Code [&hellip;]<\/p>\n","protected":false},"author":3,"featured_media":0,"parent":95,"menu_order":9,"comment_status":"closed","ping_status":"closed","template":"","meta":{"site-sidebar-layout":"default","site-content-layout":"","ast-site-content-layout":"default","site-content-style":"default","site-sidebar-style":"default","ast-global-header-display":"","ast-banner-title-visibility":"","ast-main-header-display":"","ast-hfb-above-header-display":"","ast-hfb-below-header-display":"","ast-hfb-mobile-header-display":"","site-post-title":"","ast-breadcrumbs-content":"","ast-featured-img":"","footer-sml-layout":"","ast-disable-related-posts":"","theme-transparent-header-meta":"","adv-header-id-meta":"","stick-header-meta":"","header-above-stick-meta":"","header-main-stick-meta":"","header-below-stick-meta":"","astra-migrate-meta-layouts":"default","ast-page-background-enabled":"default","ast-page-background-meta":{"desktop":{"background-color":"var(--ast-global-color-4)","background-image":"","background-repeat":"repeat","background-position":"center center","background-size":"auto","background-attachment":"scroll","background-type":"","background-media":"","overlay-type":"","overlay-color":"","overlay-opacity":"","overlay-gradient":""},"tablet":{"background-color":"","background-image":"","background-repeat":"repeat","background-position":"center center","background-size":"auto","background-attachment":"scroll","background-type":"","background-media":"","overlay-type":"","overlay-color":"","overlay-opacity":"","overlay-gradient":""},"mobile":{"background-color":"","background-image":"","background-repeat":"repeat","background-position":"center center","background-size":"auto","background-attachment":"scroll","background-type":"","background-media":"","overlay-type":"","overlay-color":"","overlay-opacity":"","overlay-gradient":""}},"ast-content-background-meta":{"desktop":{"background-color":"var(--ast-global-color-5)","background-image":"","background-repeat":"repeat","background-position":"center center","background-size":"auto","background-attachment":"scroll","background-type":"","background-media":"","overlay-type":"","overlay-color":"","overlay-opacity":"","overlay-gradient":""},"tablet":{"background-color":"var(--ast-global-color-5)","background-image":"","background-repeat":"repeat","background-position":"center center","background-size":"auto","background-attachment":"scroll","background-type":"","background-media":"","overlay-type":"","overlay-color":"","overlay-opacity":"","overlay-gradient":""},"mobile":{"background-color":"var(--ast-global-color-5)","background-image":"","background-repeat":"repeat","background-position":"center center","background-size":"auto","background-attachment":"scroll","background-type":"","background-media":"","overlay-type":"","overlay-color":"","overlay-opacity":"","overlay-gradient":""}},"footnotes":""},"class_list":["post-149","page","type-page","status-publish","hentry"],"aioseo_notices":[],"_links":{"self":[{"href":"https:\/\/clean-code-developer.de\/es\/wp-json\/wp\/v2\/pages\/149","targetHints":{"allow":["GET"]}}],"collection":[{"href":"https:\/\/clean-code-developer.de\/es\/wp-json\/wp\/v2\/pages"}],"about":[{"href":"https:\/\/clean-code-developer.de\/es\/wp-json\/wp\/v2\/types\/page"}],"author":[{"embeddable":true,"href":"https:\/\/clean-code-developer.de\/es\/wp-json\/wp\/v2\/users\/3"}],"replies":[{"embeddable":true,"href":"https:\/\/clean-code-developer.de\/es\/wp-json\/wp\/v2\/comments?post=149"}],"version-history":[{"count":4,"href":"https:\/\/clean-code-developer.de\/es\/wp-json\/wp\/v2\/pages\/149\/revisions"}],"predecessor-version":[{"id":659,"href":"https:\/\/clean-code-developer.de\/es\/wp-json\/wp\/v2\/pages\/149\/revisions\/659"}],"up":[{"embeddable":true,"href":"https:\/\/clean-code-developer.de\/es\/wp-json\/wp\/v2\/pages\/95"}],"wp:attachment":[{"href":"https:\/\/clean-code-developer.de\/es\/wp-json\/wp\/v2\/media?parent=149"}],"curies":[{"name":"wp","href":"https:\/\/api.w.org\/{rel}","templated":true}]}}