{"id":19,"date":"2015-04-26T14:00:11","date_gmt":"2015-04-26T12:00:11","guid":{"rendered":"http:\/\/ccd.ralfw.domainfactory-kunde.de\/?page_id=19"},"modified":"2021-12-21T09:45:50","modified_gmt":"2021-12-21T08:45:50","slug":"grado-negro","status":"publish","type":"page","link":"https:\/\/clean-code-developer.de\/es\/die-grade\/schwarzer-grad\/","title":{"rendered":"Grado de negro"},"content":{"rendered":"<p>Los Desarrolladores de C\u00f3digo Limpio (CCD) desarrollan paso a paso en un <a href=\"http:\/\/clean-code-developer.de\/es\/la-recta\/\">Sistema de grados<\/a>. El verdadero trabajo comienza con la <a href=\"http:\/\/clean-code-developer.de\/es\/la-recta\/grado-rojo\/\">grado rojo<\/a>. Pero, \u00bfy si alguien est\u00e1 interesado en el desarrollo de c\u00f3digo limpio pero no sabe c\u00f3mo empezar? \u00bfY si est\u00e1 motivado pero se enfrenta a obst\u00e1culos organizativos en el proyecto?<\/p>\n<p>Para poder \"identificarnos\" como Desarrolladores de C\u00f3digo Limpio, hemos dado el <a href=\"http:\/\/clean-code-developer.de\/es\/la-recta\/grado-rojo\/\">grado rojo<\/a> otro delante, el negro. En el escal\u00f3n del <a href=\"http:\/\/clean-code-developer.de\/es\/la-recta\/grado-negro\/\">grado negro<\/a> el interesado en el CCD lleva una pulsera negra para identificarse como \"buscador\". Trabajar cada d\u00eda en uno mismo con el esp\u00edritu de <a href=\"http:\/\/clean-code-developer.de\/es\/el-sistema-de-valores\/\">Sistema de valores CCD<\/a> pero no es as\u00ed.<\/p>\n<p>El brazalete negro de grado no hace m\u00e1s que se\u00f1alar el inter\u00e9s y recordarle que debe cumplir los requisitos para trabajar en el <a href=\"http:\/\/clean-code-developer.de\/es\/la-recta\/grado-rojo\/\">grado rojo<\/a> crear. Por tanto, las pulseras negras pueden distribuirse sin restricciones. Son soportes publicitarios virales para desarrolladores de c\u00f3digo limpio.<\/p>\n<p>Continuamos con el <a href=\"http:\/\/clean-code-developer.de\/es\/la-recta\/grado-rojo\/\">grado rojo<\/a>.<\/p>","protected":false},"excerpt":{"rendered":"<p>Clean Code Developer (CCD) entwickeln sich stufenweise in einem Grade-System. Die wirkliche Arbeit an sich beginnt dabei mit dem roten Grad. Was aber, wenn sich jemand f\u00fcr Clean Code Development interessiert, aber noch nicht wei\u00df, wie er anfangen soll? Was, wenn er motiviert ist, aber ihm noch organisatorische H\u00fcrden im Projekt entgegenstehen? Um sich auch [&hellip;]<\/p>\n","protected":false},"author":3,"featured_media":0,"parent":17,"menu_order":1,"comment_status":"closed","ping_status":"closed","template":"","meta":{"site-sidebar-layout":"default","site-content-layout":"","ast-site-content-layout":"default","site-content-style":"default","site-sidebar-style":"default","ast-global-header-display":"","ast-banner-title-visibility":"","ast-main-header-display":"","ast-hfb-above-header-display":"","ast-hfb-below-header-display":"","ast-hfb-mobile-header-display":"","site-post-title":"","ast-breadcrumbs-content":"","ast-featured-img":"","footer-sml-layout":"","ast-disable-related-posts":"","theme-transparent-header-meta":"","adv-header-id-meta":"","stick-header-meta":"","header-above-stick-meta":"","header-main-stick-meta":"","header-below-stick-meta":"","astra-migrate-meta-layouts":"default","ast-page-background-enabled":"default","ast-page-background-meta":{"desktop":{"background-color":"var(--ast-global-color-4)","background-image":"","background-repeat":"repeat","background-position":"center center","background-size":"auto","background-attachment":"scroll","background-type":"","background-media":"","overlay-type":"","overlay-color":"","overlay-opacity":"","overlay-gradient":""},"tablet":{"background-color":"","background-image":"","background-repeat":"repeat","background-position":"center center","background-size":"auto","background-attachment":"scroll","background-type":"","background-media":"","overlay-type":"","overlay-color":"","overlay-opacity":"","overlay-gradient":""},"mobile":{"background-color":"","background-image":"","background-repeat":"repeat","background-position":"center center","background-size":"auto","background-attachment":"scroll","background-type":"","background-media":"","overlay-type":"","overlay-color":"","overlay-opacity":"","overlay-gradient":""}},"ast-content-background-meta":{"desktop":{"background-color":"var(--ast-global-color-5)","background-image":"","background-repeat":"repeat","background-position":"center center","background-size":"auto","background-attachment":"scroll","background-type":"","background-media":"","overlay-type":"","overlay-color":"","overlay-opacity":"","overlay-gradient":""},"tablet":{"background-color":"var(--ast-global-color-5)","background-image":"","background-repeat":"repeat","background-position":"center center","background-size":"auto","background-attachment":"scroll","background-type":"","background-media":"","overlay-type":"","overlay-color":"","overlay-opacity":"","overlay-gradient":""},"mobile":{"background-color":"var(--ast-global-color-5)","background-image":"","background-repeat":"repeat","background-position":"center center","background-size":"auto","background-attachment":"scroll","background-type":"","background-media":"","overlay-type":"","overlay-color":"","overlay-opacity":"","overlay-gradient":""}},"footnotes":""},"class_list":["post-19","page","type-page","status-publish","hentry"],"aioseo_notices":[],"_links":{"self":[{"href":"https:\/\/clean-code-developer.de\/es\/wp-json\/wp\/v2\/pages\/19","targetHints":{"allow":["GET"]}}],"collection":[{"href":"https:\/\/clean-code-developer.de\/es\/wp-json\/wp\/v2\/pages"}],"about":[{"href":"https:\/\/clean-code-developer.de\/es\/wp-json\/wp\/v2\/types\/page"}],"author":[{"embeddable":true,"href":"https:\/\/clean-code-developer.de\/es\/wp-json\/wp\/v2\/users\/3"}],"replies":[{"embeddable":true,"href":"https:\/\/clean-code-developer.de\/es\/wp-json\/wp\/v2\/comments?post=19"}],"version-history":[{"count":4,"href":"https:\/\/clean-code-developer.de\/es\/wp-json\/wp\/v2\/pages\/19\/revisions"}],"predecessor-version":[{"id":689,"href":"https:\/\/clean-code-developer.de\/es\/wp-json\/wp\/v2\/pages\/19\/revisions\/689"}],"up":[{"embeddable":true,"href":"https:\/\/clean-code-developer.de\/es\/wp-json\/wp\/v2\/pages\/17"}],"wp:attachment":[{"href":"https:\/\/clean-code-developer.de\/es\/wp-json\/wp\/v2\/media?parent=19"}],"curies":[{"name":"wp","href":"https:\/\/api.w.org\/{rel}","templated":true}]}}