{"id":471,"date":"2017-07-04T11:18:33","date_gmt":"2017-07-04T09:18:33","guid":{"rendered":"http:\/\/clean-code-developer.de\/?page_id=471"},"modified":"2018-05-10T13:10:41","modified_gmt":"2018-05-10T11:10:41","slug":"declaracion-de-proteccion-de-datos","status":"publish","type":"page","link":"https:\/\/clean-code-developer.de\/es\/datenschutzerklaerung\/","title":{"rendered":"Pol\u00edtica de privacidad"},"content":{"rendered":"<h2>Pol\u00edtica de privacidad<\/h2>\n<p>Es posible utilizar nuestro sitio web sin facilitar datos personales. Es posible que se apliquen diferentes normativas al uso de servicios individuales de nuestro sitio web, que se explican por separado a continuaci\u00f3n. Sus datos personales (por ejemplo, nombre, direcci\u00f3n, correo electr\u00f3nico, n\u00famero de tel\u00e9fono, etc.) s\u00f3lo ser\u00e1n procesados por nosotros de conformidad con las disposiciones de la legislaci\u00f3n alemana sobre protecci\u00f3n de datos. Los datos son personales si pueden asignarse claramente a una persona f\u00edsica concreta. La base jur\u00eddica para la protecci\u00f3n de datos se encuentra en la Ley Federal de Protecci\u00f3n de Datos (BDSG) y en la Ley de Telemedios (TMG). A este respecto, las siguientes normas le informan sobre el tipo, el alcance y la finalidad de la recogida, el uso y el tratamiento de datos personales por parte del proveedor<\/p>\n<p>Ralf Westphal<br \/>\nHans-Henny-Jahnn-Weg 44<br \/>\n22085 Hamburgo<br \/>\nTel. 0170-3200458<\/p>\n<p>Stefan Lieser<br \/>\nWilli-Lauf-Allee 3<br \/>\n50858 Colonia<br \/>\nTel +49 1525 6806877<\/p>\n<p>Correo electr\u00f3nico info@clean-code-developer.com<\/p>\n<p>Nos gustar\u00eda se\u00f1alar que la transmisi\u00f3n de datos a trav\u00e9s de Internet est\u00e1 sujeta a vulnerabilidades de seguridad, lo que hace imposible una protecci\u00f3n completa contra el acceso de terceros.<\/p>\n<h4>Cookies<\/h4>\n<p>En nuestro sitio web utilizamos las denominadas cookies para reconocer el uso m\u00faltiple de nuestro sitio web por parte del mismo usuario\/titular de la conexi\u00f3n a Internet. Las cookies son peque\u00f1os archivos de texto que su navegador de Internet almacena en su ordenador. Se utilizan para optimizar nuestro sitio web y nuestras ofertas. Normalmente se trata de las denominadas \"cookies de sesi\u00f3n\", que se vuelven a borrar al finalizar su visita.<br \/>\nSin embargo, algunas de estas cookies proporcionan informaci\u00f3n para reconocerle autom\u00e1ticamente. Este reconocimiento se basa en la direcci\u00f3n IP almacenada en las cookies. La informaci\u00f3n as\u00ed obtenida se utiliza para optimizar nuestras ofertas y facilitarle el acceso a nuestro sitio web.<br \/>\nUsted puede rechazar el uso de cookies seleccionando la configuraci\u00f3n apropiada en su navegador; sin embargo, tenga en cuenta que si lo hace es posible que no pueda utilizar todas las funciones de nuestro sitio web.<\/p>\n<h4>Datos del servidor<\/h4>\n<p>Por razones t\u00e9cnicas, se registran los siguientes datos, que su navegador de Internet nos transmite a nosotros o a nuestro proveedor de espacio web (los denominados archivos de registro del servidor):<\/p>\n<p>- Tipo y versi\u00f3n de navegador<br \/>\n- Sistema operativo utilizado<br \/>\n- Sitio web desde el que nos visita (URL de referencia)<br \/>\n- Sitio web que visita<br \/>\n- Fecha y hora de su acceso<br \/>\n- Su direcci\u00f3n de Protocolo de Internet (IP).<\/p>\n<p>Estos datos an\u00f3nimos se almacenan separados de los datos personales que usted haya podido facilitar y, por tanto, no permiten extraer conclusiones sobre una persona concreta. Se eval\u00faan con fines estad\u00edsticos para optimizar nuestro sitio web y nuestras ofertas.<\/p>\n<h3>Informaci\u00f3n\/revocaci\u00f3n\/supresi\u00f3n<\/h3>\n<p>De conformidad con la Ley Federal de Protecci\u00f3n de Datos, puede ponerse en contacto con nosotros gratuitamente si tiene alguna pregunta sobre la recogida, el tratamiento o el uso de sus datos personales, as\u00ed como sobre la correcci\u00f3n, el bloqueo, la supresi\u00f3n o la revocaci\u00f3n de su consentimiento. Le recordamos que tiene derecho a que se corrijan los datos incorrectos o a que se supriman los datos personales, siempre que esta pretensi\u00f3n no entre en conflicto con ninguna obligaci\u00f3n legal de conservar los datos.<\/p>\n<p><a href=\"https:\/\/www.ratgeberrecht.eu\/leistungen\/muster-datenschutzerklaerung.html\" target=\"_blank\" rel=\"noopener\">Modelo de declaraci\u00f3n de protecci\u00f3n de datos<\/a> el <a href=\"https:\/\/www.ratgeberrecht.eu\/\" target=\"_blank\" rel=\"noopener\">Bufete Wei\u00df &amp; Partner<\/a><\/p>","protected":false},"excerpt":{"rendered":"<p>Datenschutzerkl\u00e4rung Die Nutzung unserer Seite ist ohne eine Angabe von personenbezogenen Daten m\u00f6glich. F\u00fcr die Nutzung einzelner Services unserer Seite k\u00f6nnen sich hierf\u00fcr abweichende Regelungen ergeben, die in diesem Falle nachstehend gesondert erl\u00e4utert werden. Ihre personenbezogenen Daten (z.B. Name, Anschrift, E-Mail, Telefonnummer, u.\u00e4.) werden von uns nur gem\u00e4\u00df den Bestimmungen des deutschen Datenschutzrechts verarbeitet. Daten [&hellip;]<\/p>\n","protected":false},"author":7,"featured_media":0,"parent":0,"menu_order":0,"comment_status":"closed","ping_status":"closed","template":"","meta":{"site-sidebar-layout":"default","site-content-layout":"","ast-site-content-layout":"default","site-content-style":"default","site-sidebar-style":"default","ast-global-header-display":"","ast-banner-title-visibility":"","ast-main-header-display":"","ast-hfb-above-header-display":"","ast-hfb-below-header-display":"","ast-hfb-mobile-header-display":"","site-post-title":"","ast-breadcrumbs-content":"","ast-featured-img":"","footer-sml-layout":"","ast-disable-related-posts":"","theme-transparent-header-meta":"","adv-header-id-meta":"","stick-header-meta":"","header-above-stick-meta":"","header-main-stick-meta":"","header-below-stick-meta":"","astra-migrate-meta-layouts":"default","ast-page-background-enabled":"default","ast-page-background-meta":{"desktop":{"background-color":"var(--ast-global-color-4)","background-image":"","background-repeat":"repeat","background-position":"center center","background-size":"auto","background-attachment":"scroll","background-type":"","background-media":"","overlay-type":"","overlay-color":"","overlay-opacity":"","overlay-gradient":""},"tablet":{"background-color":"","background-image":"","background-repeat":"repeat","background-position":"center center","background-size":"auto","background-attachment":"scroll","background-type":"","background-media":"","overlay-type":"","overlay-color":"","overlay-opacity":"","overlay-gradient":""},"mobile":{"background-color":"","background-image":"","background-repeat":"repeat","background-position":"center center","background-size":"auto","background-attachment":"scroll","background-type":"","background-media":"","overlay-type":"","overlay-color":"","overlay-opacity":"","overlay-gradient":""}},"ast-content-background-meta":{"desktop":{"background-color":"var(--ast-global-color-5)","background-image":"","background-repeat":"repeat","background-position":"center center","background-size":"auto","background-attachment":"scroll","background-type":"","background-media":"","overlay-type":"","overlay-color":"","overlay-opacity":"","overlay-gradient":""},"tablet":{"background-color":"var(--ast-global-color-5)","background-image":"","background-repeat":"repeat","background-position":"center center","background-size":"auto","background-attachment":"scroll","background-type":"","background-media":"","overlay-type":"","overlay-color":"","overlay-opacity":"","overlay-gradient":""},"mobile":{"background-color":"var(--ast-global-color-5)","background-image":"","background-repeat":"repeat","background-position":"center center","background-size":"auto","background-attachment":"scroll","background-type":"","background-media":"","overlay-type":"","overlay-color":"","overlay-opacity":"","overlay-gradient":""}},"footnotes":""},"class_list":["post-471","page","type-page","status-publish","hentry"],"aioseo_notices":[],"_links":{"self":[{"href":"https:\/\/clean-code-developer.de\/es\/wp-json\/wp\/v2\/pages\/471","targetHints":{"allow":["GET"]}}],"collection":[{"href":"https:\/\/clean-code-developer.de\/es\/wp-json\/wp\/v2\/pages"}],"about":[{"href":"https:\/\/clean-code-developer.de\/es\/wp-json\/wp\/v2\/types\/page"}],"author":[{"embeddable":true,"href":"https:\/\/clean-code-developer.de\/es\/wp-json\/wp\/v2\/users\/7"}],"replies":[{"embeddable":true,"href":"https:\/\/clean-code-developer.de\/es\/wp-json\/wp\/v2\/comments?post=471"}],"version-history":[{"count":3,"href":"https:\/\/clean-code-developer.de\/es\/wp-json\/wp\/v2\/pages\/471\/revisions"}],"predecessor-version":[{"id":545,"href":"https:\/\/clean-code-developer.de\/es\/wp-json\/wp\/v2\/pages\/471\/revisions\/545"}],"wp:attachment":[{"href":"https:\/\/clean-code-developer.de\/es\/wp-json\/wp\/v2\/media?parent=471"}],"curies":[{"name":"wp","href":"https:\/\/api.w.org\/{rel}","templated":true}]}}