{"id":92,"date":"2015-04-26T14:00:59","date_gmt":"2015-04-26T12:00:59","guid":{"rendered":"http:\/\/ccd.ralfw.domainfactory-kunde.de\/?page_id=92"},"modified":"2021-12-21T09:47:31","modified_gmt":"2021-12-21T08:47:31","slug":"grado-blanco","status":"publish","type":"page","link":"https:\/\/clean-code-developer.de\/es\/die-grade\/weisser-grad\/","title":{"rendered":"Grado de blanco"},"content":{"rendered":"<p>El grado blanco completa el c\u00edrculo. Re\u00fane todos los principios y pr\u00e1cticas de los grados de color. Su horizonte son todos los bloques de construcci\u00f3n juntos. Los que han alcanzado el grado blanco trabajan constantemente en todas las facetas del <a title=\"Sistema de valores\" href=\"http:\/\/clean-code-developer.de\/es\/el-sistema-de-valores\/\">sistema de valores<\/a>. Sin embargo, como es dif\u00edcil establecer esa igualdad de atenci\u00f3n, esperamos que el desarrollador de c\u00f3digo limpio vuelva a trabajar en el sistema de calificaciones desde el principio despu\u00e9s de alg\u00fan tiempo.<\/p>\n<p>Al volver a la <a title=\"Grado rojo\" href=\"http:\/\/clean-code-developer.de\/es\/la-recta\/grado-rojo\/\">grado rojo<\/a> Si el alumno comienza con el primer grado, puede concentrarse un poco m\u00e1s en una secci\u00f3n del sistema de valores en su pr\u00e1ctica diaria. Esto sirve para perfeccionar la aplicaci\u00f3n de los aspectos de cada uno de los grados. Ejemplo: La pr\u00e1ctica del control de versiones no es binaria. Quienes lo han utilizado a partir del nivel rojo no necesariamente lo utilizan. Si vuelves del nivel blanco al rojo, te das la oportunidad de profundizar en el control de versiones en la repetici\u00f3n. No hay principio ni pr\u00e1ctica que no se beneficie de ser revisado en repetidas iteraciones del sistema de grados.<\/p>\n<p>Para nosotros, la vuelta del grado blanco al rojo es tambi\u00e9n una expresi\u00f3n de la comprensi\u00f3n de que las iteraciones no son s\u00f3lo una pr\u00e1ctica para los proyectos de software. M\u00e1s bien, las iteraciones definen el patr\u00f3n b\u00e1sico del aprendizaje. El aprendizaje se produce en bucles y requiere repetici\u00f3n.<\/p>\n<p>Adem\u00e1s, creemos que quitarse el brazalete blanco en favor del rojo es un acto de modestia y humildad. No se trata de a\u00f1adir una dimensi\u00f3n espiritual al sistema de valores del CCD, sino simplemente de subrayar que el desarrollo de software es una eterna rueda de aprendizaje. Quien crea que ha llegado al final, o que puede llegar a \u00e9l, se enga\u00f1a. Por otra parte, quienes siguen el blanco con el rojo son conscientes del ciclo de aprendizaje.<\/p>\n<p>Como ya se ha mencionado en otro lugar, las notas no representan una clasificaci\u00f3n. Quien <a title=\"Grado azul\" href=\"http:\/\/clean-code-developer.de\/es\/la-recta\/grado-azul\/\">grado azul<\/a> no es mejor que el que trabaja en el <a title=\"Grado naranja\" href=\"http:\/\/clean-code-developer.de\/es\/la-recta\/grado-naranja\/\">grado naranja<\/a> funciona. Los grados s\u00f3lo dividen todo el sistema de valores en trozos y los ponen en un orden que consideramos f\u00e1cil de seguir. En este sentido, un desarrollador que haya trabajado con \u00e9xito en el grado blanco no renuncia a nada si empieza de nuevo en el rojo.<\/p>\n<p>Si a\u00fan as\u00ed no les gusta, pueden repetir los \"grados de color\" en cualquier orden. Pueden decidir centrar su atenci\u00f3n en los aspectos de cualquier grado durante un periodo de tiempo determinado. Empezar de nuevo con el grado rojo simplemente garantiza que todos los aspectos se profundicen posteriormente.<\/p>\n<p>Continuamos con el <a title=\"Grado rojo\" href=\"http:\/\/clean-code-developer.de\/es\/la-recta\/grado-rojo\/\">grado rojo<\/a>.<\/p>","protected":false},"excerpt":{"rendered":"<p>Mit dem wei\u00dfen Grad schlie\u00dft sich der Kreis. Er vereinigt alle Prinzipien und Praktiken der farbigen Grade. Sein Horizont sind alle Bausteine zusammen. Wer den wei\u00dfen Grad erreicht hat, arbeitet st\u00e4ndig an allen Facetten des Wertesystems. Da solche gleichschwebende Aufmerksamkeit jedoch schwer herzustellen ist, erwarten wir, dass der Clean Code Developer nach einiger Zeit wieder [&hellip;]<\/p>\n","protected":false},"author":3,"featured_media":0,"parent":17,"menu_order":7,"comment_status":"closed","ping_status":"closed","template":"","meta":{"site-sidebar-layout":"default","site-content-layout":"","ast-site-content-layout":"default","site-content-style":"default","site-sidebar-style":"default","ast-global-header-display":"","ast-banner-title-visibility":"","ast-main-header-display":"","ast-hfb-above-header-display":"","ast-hfb-below-header-display":"","ast-hfb-mobile-header-display":"","site-post-title":"","ast-breadcrumbs-content":"","ast-featured-img":"","footer-sml-layout":"","ast-disable-related-posts":"","theme-transparent-header-meta":"","adv-header-id-meta":"","stick-header-meta":"","header-above-stick-meta":"","header-main-stick-meta":"","header-below-stick-meta":"","astra-migrate-meta-layouts":"default","ast-page-background-enabled":"default","ast-page-background-meta":{"desktop":{"background-color":"var(--ast-global-color-4)","background-image":"","background-repeat":"repeat","background-position":"center center","background-size":"auto","background-attachment":"scroll","background-type":"","background-media":"","overlay-type":"","overlay-color":"","overlay-opacity":"","overlay-gradient":""},"tablet":{"background-color":"","background-image":"","background-repeat":"repeat","background-position":"center center","background-size":"auto","background-attachment":"scroll","background-type":"","background-media":"","overlay-type":"","overlay-color":"","overlay-opacity":"","overlay-gradient":""},"mobile":{"background-color":"","background-image":"","background-repeat":"repeat","background-position":"center center","background-size":"auto","background-attachment":"scroll","background-type":"","background-media":"","overlay-type":"","overlay-color":"","overlay-opacity":"","overlay-gradient":""}},"ast-content-background-meta":{"desktop":{"background-color":"var(--ast-global-color-5)","background-image":"","background-repeat":"repeat","background-position":"center center","background-size":"auto","background-attachment":"scroll","background-type":"","background-media":"","overlay-type":"","overlay-color":"","overlay-opacity":"","overlay-gradient":""},"tablet":{"background-color":"var(--ast-global-color-5)","background-image":"","background-repeat":"repeat","background-position":"center center","background-size":"auto","background-attachment":"scroll","background-type":"","background-media":"","overlay-type":"","overlay-color":"","overlay-opacity":"","overlay-gradient":""},"mobile":{"background-color":"var(--ast-global-color-5)","background-image":"","background-repeat":"repeat","background-position":"center center","background-size":"auto","background-attachment":"scroll","background-type":"","background-media":"","overlay-type":"","overlay-color":"","overlay-opacity":"","overlay-gradient":""}},"footnotes":""},"class_list":["post-92","page","type-page","status-publish","hentry"],"aioseo_notices":[],"_links":{"self":[{"href":"https:\/\/clean-code-developer.de\/es\/wp-json\/wp\/v2\/pages\/92","targetHints":{"allow":["GET"]}}],"collection":[{"href":"https:\/\/clean-code-developer.de\/es\/wp-json\/wp\/v2\/pages"}],"about":[{"href":"https:\/\/clean-code-developer.de\/es\/wp-json\/wp\/v2\/types\/page"}],"author":[{"embeddable":true,"href":"https:\/\/clean-code-developer.de\/es\/wp-json\/wp\/v2\/users\/3"}],"replies":[{"embeddable":true,"href":"https:\/\/clean-code-developer.de\/es\/wp-json\/wp\/v2\/comments?post=92"}],"version-history":[{"count":4,"href":"https:\/\/clean-code-developer.de\/es\/wp-json\/wp\/v2\/pages\/92\/revisions"}],"predecessor-version":[{"id":695,"href":"https:\/\/clean-code-developer.de\/es\/wp-json\/wp\/v2\/pages\/92\/revisions\/695"}],"up":[{"embeddable":true,"href":"https:\/\/clean-code-developer.de\/es\/wp-json\/wp\/v2\/pages\/17"}],"wp:attachment":[{"href":"https:\/\/clean-code-developer.de\/es\/wp-json\/wp\/v2\/media?parent=92"}],"curies":[{"name":"wp","href":"https:\/\/api.w.org\/{rel}","templated":true}]}}