{"id":98,"date":"2015-04-26T14:00:54","date_gmt":"2015-04-26T12:00:54","guid":{"rendered":"http:\/\/ccd.ralfw.domainfactory-kunde.de\/?page_id=98"},"modified":"2022-06-05T14:17:56","modified_gmt":"2022-06-05T12:17:56","slug":"pulseras","status":"publish","type":"page","link":"https:\/\/clean-code-developer.de\/es\/die-initiative\/armbaender\/","title":{"rendered":"Pulseras"},"content":{"rendered":"<h1>La pulsera para desarrolladores Clean Code<\/h1>\n<p><img fetchpriority=\"high\" decoding=\"async\" class=\"alignleft size-medium wp-image-99\" src=\"\/wp-content\/uploads\/2015\/04\/armbaender-300x182.jpg\" alt=\"Pulseras\" width=\"300\" height=\"182\" srcset=\"https:\/\/clean-code-developer.de\/wp-content\/uploads\/2015\/04\/armbaender-300x182.jpg 300w, https:\/\/clean-code-developer.de\/wp-content\/uploads\/2015\/04\/armbaender.jpg 400w\" sizes=\"(max-width: 300px) 100vw, 300px\" \/>Los Clean Code Developers (CCD) pueden identificarse con una pulsera de silicona. La pulsera est\u00e1 disponible en diferentes colores seg\u00fan el <a title=\"El Grado de Desarrollador de C\u00f3digo Limpio\" href=\"http:\/\/clean-code-developer.de\/es\/la-recta\/\">Grado CCD<\/a>.<\/p>\n<p>Sin embargo, la pulsera no s\u00f3lo est\u00e1 pensada como medio de identificaci\u00f3n, sino tambi\u00e9n como herramienta de trabajo. Sirve de apoyo a la reflexi\u00f3n diaria sobre el trabajo. En efecto, cuando un CCD reconoce que ha actuado en contra de un principio de su grado o de otro anterior, cambia la pulsera de un brazo al otro. Al hacerlo, subraya su reconocimiento consciente de que sigue trabajando sobre s\u00ed mismo en el esp\u00edritu del <a title=\"Sistema de valores\" href=\"http:\/\/clean-code-developer.de\/es\/el-sistema-de-valores\/\">Sistema de valores CCD<\/a> tener que trabajar.<\/p>\n<p>En \u00faltima instancia, por supuesto, un CCD puede utilizar cualquier medio de aprendizaje de su elecci\u00f3n o ninguno. Sin embargo, estar\u00edamos encantados de que el mayor n\u00famero posible de CCD llevara una pulsera CCD para ayudar a que el sistema de grados CCD gane m\u00e1s visibilidad. Por ello, ofrecemos pulseras para los grados CCD a un bajo precio.<\/p>\n<h2>Pulseras en la tienda en l\u00ednea<\/h2>\n<p><a title=\"Pide pulseras en generic.de.\" href=\"https:\/\/shop.generic.de\/\" target=\"_blank\" rel=\"noopener noreferrer\">Pide pulseras en generic.de.<\/a><\/p>","protected":false},"excerpt":{"rendered":"<p>Das Clean Code Developer Armband Clean Code Developer (CCD) k\u00f6nnen sich durch ein Silikonarmband zu erkennen geben. Das Armband gibt es in verschiedenen Farben entsprechend der CCD Grade. Das Armband ist allerdings nicht nur als Erkennungszeichen gedacht, sondern auch als Arbeitsmittel. Es dient zur Unterst\u00fctzung der t\u00e4glichen Reflexion \u00fcber die Arbeit. Denn wenn ein CCD [&hellip;]<\/p>\n","protected":false},"author":3,"featured_media":0,"parent":95,"menu_order":1,"comment_status":"closed","ping_status":"closed","template":"","meta":{"site-sidebar-layout":"default","site-content-layout":"","ast-site-content-layout":"default","site-content-style":"default","site-sidebar-style":"default","ast-global-header-display":"","ast-banner-title-visibility":"","ast-main-header-display":"","ast-hfb-above-header-display":"","ast-hfb-below-header-display":"","ast-hfb-mobile-header-display":"","site-post-title":"","ast-breadcrumbs-content":"","ast-featured-img":"","footer-sml-layout":"","ast-disable-related-posts":"","theme-transparent-header-meta":"","adv-header-id-meta":"","stick-header-meta":"","header-above-stick-meta":"","header-main-stick-meta":"","header-below-stick-meta":"","astra-migrate-meta-layouts":"default","ast-page-background-enabled":"default","ast-page-background-meta":{"desktop":{"background-color":"var(--ast-global-color-4)","background-image":"","background-repeat":"repeat","background-position":"center center","background-size":"auto","background-attachment":"scroll","background-type":"","background-media":"","overlay-type":"","overlay-color":"","overlay-opacity":"","overlay-gradient":""},"tablet":{"background-color":"","background-image":"","background-repeat":"repeat","background-position":"center center","background-size":"auto","background-attachment":"scroll","background-type":"","background-media":"","overlay-type":"","overlay-color":"","overlay-opacity":"","overlay-gradient":""},"mobile":{"background-color":"","background-image":"","background-repeat":"repeat","background-position":"center center","background-size":"auto","background-attachment":"scroll","background-type":"","background-media":"","overlay-type":"","overlay-color":"","overlay-opacity":"","overlay-gradient":""}},"ast-content-background-meta":{"desktop":{"background-color":"var(--ast-global-color-5)","background-image":"","background-repeat":"repeat","background-position":"center center","background-size":"auto","background-attachment":"scroll","background-type":"","background-media":"","overlay-type":"","overlay-color":"","overlay-opacity":"","overlay-gradient":""},"tablet":{"background-color":"var(--ast-global-color-5)","background-image":"","background-repeat":"repeat","background-position":"center center","background-size":"auto","background-attachment":"scroll","background-type":"","background-media":"","overlay-type":"","overlay-color":"","overlay-opacity":"","overlay-gradient":""},"mobile":{"background-color":"var(--ast-global-color-5)","background-image":"","background-repeat":"repeat","background-position":"center center","background-size":"auto","background-attachment":"scroll","background-type":"","background-media":"","overlay-type":"","overlay-color":"","overlay-opacity":"","overlay-gradient":""}},"footnotes":""},"class_list":["post-98","page","type-page","status-publish","hentry"],"aioseo_notices":[],"_links":{"self":[{"href":"https:\/\/clean-code-developer.de\/es\/wp-json\/wp\/v2\/pages\/98","targetHints":{"allow":["GET"]}}],"collection":[{"href":"https:\/\/clean-code-developer.de\/es\/wp-json\/wp\/v2\/pages"}],"about":[{"href":"https:\/\/clean-code-developer.de\/es\/wp-json\/wp\/v2\/types\/page"}],"author":[{"embeddable":true,"href":"https:\/\/clean-code-developer.de\/es\/wp-json\/wp\/v2\/users\/3"}],"replies":[{"embeddable":true,"href":"https:\/\/clean-code-developer.de\/es\/wp-json\/wp\/v2\/comments?post=98"}],"version-history":[{"count":5,"href":"https:\/\/clean-code-developer.de\/es\/wp-json\/wp\/v2\/pages\/98\/revisions"}],"predecessor-version":[{"id":806,"href":"https:\/\/clean-code-developer.de\/es\/wp-json\/wp\/v2\/pages\/98\/revisions\/806"}],"up":[{"embeddable":true,"href":"https:\/\/clean-code-developer.de\/es\/wp-json\/wp\/v2\/pages\/95"}],"wp:attachment":[{"href":"https:\/\/clean-code-developer.de\/es\/wp-json\/wp\/v2\/media?parent=98"}],"curies":[{"name":"wp","href":"https:\/\/api.w.org\/{rel}","templated":true}]}}