{"id":103,"date":"2015-04-26T14:00:10","date_gmt":"2015-04-26T12:00:10","guid":{"rendered":"http:\/\/ccd.ralfw.domainfactory-kunde.de\/?page_id=103"},"modified":"2015-05-13T15:06:30","modified_gmt":"2015-05-13T13:06:30","slug":"t-shirts","status":"publish","type":"page","link":"https:\/\/clean-code-developer.de\/fr\/die-initiative\/t-shirts\/","title":{"rendered":"T-shirts"},"content":{"rendered":"<h1>Les t-shirts Clean Code Developer<\/h1>\n<p><img fetchpriority=\"high\" decoding=\"async\" class=\"alignleft size-full wp-image-104\" src=\"http:\/\/clean-code-developer.de\/wp-content\/uploads\/2015\/04\/ccd-shirt.jpg\" alt=\"T-shirt CCD\" width=\"278\" height=\"278\" srcset=\"https:\/\/clean-code-developer.de\/wp-content\/uploads\/2015\/04\/ccd-shirt.jpg 278w, https:\/\/clean-code-developer.de\/wp-content\/uploads\/2015\/04\/ccd-shirt-150x150.jpg 150w\" sizes=\"(max-width: 278px) 100vw, 278px\" \/>Les Clean Code Developers (CCD) peuvent \u00e9galement se distinguer par un t-shirt. Le T-shirt est disponible en diff\u00e9rents types et tailles.<\/p>\n<h2>T-shirts CCD dans la boutique en ligne<\/h2>\n<p><a title=\"T-shirts CCD\" href=\"http:\/\/clean-code-developer.spreadshirt.de\/\" target=\"_blank\">Commander des t-shirts sur Spreadshirt<\/a><\/p>","protected":false},"excerpt":{"rendered":"<p>Les T-shirts Clean Code Developer Les Clean Code Developer (CCD) peuvent \u00e9galement se faire reconna\u00eetre par un T-shirt. Le T-shirt est disponible en diff\u00e9rents types et tailles. T-shirts CCD dans la boutique en ligne Commander des t-shirts sur Spreadshirt<\/p>","protected":false},"author":3,"featured_media":0,"parent":95,"menu_order":2,"comment_status":"closed","ping_status":"closed","template":"","meta":{"site-sidebar-layout":"default","site-content-layout":"","ast-site-content-layout":"default","site-content-style":"default","site-sidebar-style":"default","ast-global-header-display":"","ast-banner-title-visibility":"","ast-main-header-display":"","ast-hfb-above-header-display":"","ast-hfb-below-header-display":"","ast-hfb-mobile-header-display":"","site-post-title":"","ast-breadcrumbs-content":"","ast-featured-img":"","footer-sml-layout":"","ast-disable-related-posts":"","theme-transparent-header-meta":"","adv-header-id-meta":"","stick-header-meta":"","header-above-stick-meta":"","header-main-stick-meta":"","header-below-stick-meta":"","astra-migrate-meta-layouts":"default","ast-page-background-enabled":"default","ast-page-background-meta":{"desktop":{"background-color":"var(--ast-global-color-4)","background-image":"","background-repeat":"repeat","background-position":"center center","background-size":"auto","background-attachment":"scroll","background-type":"","background-media":"","overlay-type":"","overlay-color":"","overlay-opacity":"","overlay-gradient":""},"tablet":{"background-color":"","background-image":"","background-repeat":"repeat","background-position":"center center","background-size":"auto","background-attachment":"scroll","background-type":"","background-media":"","overlay-type":"","overlay-color":"","overlay-opacity":"","overlay-gradient":""},"mobile":{"background-color":"","background-image":"","background-repeat":"repeat","background-position":"center center","background-size":"auto","background-attachment":"scroll","background-type":"","background-media":"","overlay-type":"","overlay-color":"","overlay-opacity":"","overlay-gradient":""}},"ast-content-background-meta":{"desktop":{"background-color":"var(--ast-global-color-5)","background-image":"","background-repeat":"repeat","background-position":"center center","background-size":"auto","background-attachment":"scroll","background-type":"","background-media":"","overlay-type":"","overlay-color":"","overlay-opacity":"","overlay-gradient":""},"tablet":{"background-color":"var(--ast-global-color-5)","background-image":"","background-repeat":"repeat","background-position":"center center","background-size":"auto","background-attachment":"scroll","background-type":"","background-media":"","overlay-type":"","overlay-color":"","overlay-opacity":"","overlay-gradient":""},"mobile":{"background-color":"var(--ast-global-color-5)","background-image":"","background-repeat":"repeat","background-position":"center center","background-size":"auto","background-attachment":"scroll","background-type":"","background-media":"","overlay-type":"","overlay-color":"","overlay-opacity":"","overlay-gradient":""}},"footnotes":""},"class_list":["post-103","page","type-page","status-publish","hentry"],"aioseo_notices":[],"_links":{"self":[{"href":"https:\/\/clean-code-developer.de\/fr\/wp-json\/wp\/v2\/pages\/103","targetHints":{"allow":["GET"]}}],"collection":[{"href":"https:\/\/clean-code-developer.de\/fr\/wp-json\/wp\/v2\/pages"}],"about":[{"href":"https:\/\/clean-code-developer.de\/fr\/wp-json\/wp\/v2\/types\/page"}],"author":[{"embeddable":true,"href":"https:\/\/clean-code-developer.de\/fr\/wp-json\/wp\/v2\/users\/3"}],"replies":[{"embeddable":true,"href":"https:\/\/clean-code-developer.de\/fr\/wp-json\/wp\/v2\/comments?post=103"}],"version-history":[{"count":3,"href":"https:\/\/clean-code-developer.de\/fr\/wp-json\/wp\/v2\/pages\/103\/revisions"}],"predecessor-version":[{"id":107,"href":"https:\/\/clean-code-developer.de\/fr\/wp-json\/wp\/v2\/pages\/103\/revisions\/107"}],"up":[{"embeddable":true,"href":"https:\/\/clean-code-developer.de\/fr\/wp-json\/wp\/v2\/pages\/95"}],"wp:attachment":[{"href":"https:\/\/clean-code-developer.de\/fr\/wp-json\/wp\/v2\/media?parent=103"}],"curies":[{"name":"wp","href":"https:\/\/api.w.org\/{rel}","templated":true}]}}