{"id":126,"date":"2015-04-26T14:00:56","date_gmt":"2015-04-26T12:00:56","guid":{"rendered":"http:\/\/ccd.ralfw.domainfactory-kunde.de\/?page_id=126"},"modified":"2024-10-17T18:42:17","modified_gmt":"2024-10-17T16:42:17","slug":"timbre","status":"publish","type":"page","link":"https:\/\/clean-code-developer.de\/fr\/die-initiative\/stempel\/","title":{"rendered":"Tampon"},"content":{"rendered":"\t\t<div data-elementor-type=\"wp-page\" data-elementor-id=\"126\" class=\"elementor elementor-126\" data-elementor-post-type=\"page\">\n\t\t\t\t\t\t<section class=\"elementor-section elementor-top-section elementor-element elementor-element-c031f24 elementor-section-boxed elementor-section-height-default elementor-section-height-default\" data-id=\"c031f24\" data-element_type=\"section\" data-e-type=\"section\">\n\t\t\t\t\t\t<div class=\"elementor-container elementor-column-gap-default\">\n\t\t\t\t\t<div class=\"elementor-column elementor-col-100 elementor-top-column elementor-element elementor-element-52013f05\" data-id=\"52013f05\" data-element_type=\"column\" data-e-type=\"column\">\n\t\t\t<div class=\"elementor-widget-wrap elementor-element-populated\">\n\t\t\t\t\t\t<div class=\"elementor-element elementor-element-9522f3c elementor-toc--minimized-on-tablet elementor-widget elementor-widget-table-of-contents\" data-id=\"9522f3c\" data-element_type=\"widget\" data-e-type=\"widget\" data-settings=\"{&quot;headings_by_tags&quot;:[&quot;h2&quot;,&quot;h3&quot;],&quot;exclude_headings_by_selector&quot;:[],&quot;marker_view&quot;:&quot;numbers&quot;,&quot;no_headings_message&quot;:&quot;Es wurden keine \\u00dcberschriften auf dieser Seite gefunden.&quot;,&quot;minimize_box&quot;:&quot;yes&quot;,&quot;minimized_on&quot;:&quot;tablet&quot;,&quot;hierarchical_view&quot;:&quot;yes&quot;,&quot;min_height&quot;:{&quot;unit&quot;:&quot;px&quot;,&quot;size&quot;:&quot;&quot;,&quot;sizes&quot;:[]},&quot;min_height_tablet&quot;:{&quot;unit&quot;:&quot;px&quot;,&quot;size&quot;:&quot;&quot;,&quot;sizes&quot;:[]},&quot;min_height_mobile&quot;:{&quot;unit&quot;:&quot;px&quot;,&quot;size&quot;:&quot;&quot;,&quot;sizes&quot;:[]}}\" data-widget_type=\"table-of-contents.default\">\n\t\t\t\t<div class=\"elementor-widget-container\">\n\t\t\t\t\t\t\t\t\t<div class=\"elementor-toc__header\">\n\t\t\t\t\t\t<h4 class=\"elementor-toc__header-title\">\n\t\t\t\tInhaltsverzeichnis\t\t\t<\/h4>\n\t\t\t\t\t\t\t\t\t\t<div class=\"elementor-toc__toggle-button elementor-toc__toggle-button--expand\" role=\"button\" tabindex=\"0\" aria-controls=\"elementor-toc__9522f3c\" aria-expanded=\"true\" aria-label=\"Inhaltsverzeichnis \u00f6ffnen\"><i aria-hidden=\"true\" class=\"fas fa-chevron-down\"><\/i><\/div>\n\t\t\t\t<div class=\"elementor-toc__toggle-button elementor-toc__toggle-button--collapse\" role=\"button\" tabindex=\"0\" aria-controls=\"elementor-toc__9522f3c\" aria-expanded=\"true\" aria-label=\"Inhaltsverzeichnis schlie\u00dfen\"><i aria-hidden=\"true\" class=\"fas fa-chevron-up\"><\/i><\/div>\n\t\t\t\t\t<\/div>\n\t\t\t\t<div id=\"elementor-toc__9522f3c\" class=\"elementor-toc__body\">\n\t\t\t<div class=\"elementor-toc__spinner-container\">\n\t\t\t\t<i class=\"elementor-toc__spinner eicon-animation-spin eicon-loading\" aria-hidden=\"true\"><\/i>\t\t\t<\/div>\n\t\t<\/div>\n\t\t\t\t\t\t<\/div>\n\t\t\t\t<\/div>\n\t\t\t\t<div class=\"elementor-element elementor-element-e12686e elementor-widget elementor-widget-text-editor\" data-id=\"e12686e\" data-element_type=\"widget\" data-e-type=\"widget\" data-widget_type=\"text-editor.default\">\n\t\t\t\t<div class=\"elementor-widget-container\">\n\t\t\t\t\t\t\t\t\t<h2>Stempel f\u00fcr CCD-Beitr\u00e4ge<\/h2><p>Die CCD-Initiative profitiert von jeder Sichtbarkeit. Ihre Berechtigung liegt geradezu darin, Prinzipien und Praktiken, die es schon vorher gab, deutlicher und breiter sichtbar zu machen. Die &#8222;Marke&#8220; CCD wird umso st\u00e4rker und motiviert umso mehr Entwickler, je h\u00e4ufiger sie erw\u00e4hnt wird.<\/p><p>Ein Hilfsmittel f\u00fcr mehr Sichtbarkeit ist das <a title=\"Das Clean Code Developer Armband\" href=\"http:\/\/clean-code-developer.de\/die-initiative\/armbaender\/\">Armband<\/a>. Allerdings mag es nicht jeder CCDler tragen. Das ist nat\u00fcrlich v\u00f6llig ok. Deshalb haben wir zusammen mit der <a title=\"dotnetpro\" href=\"http:\/\/www.dotnetpro.de\/\" target=\"_blank\" rel=\"noopener\">dotnetpro<\/a>\u00a0ein weiteres &#8222;Markenzeichen&#8220; entwickelt: einen Stempel.<\/p><p>Hier die beiden Ausf\u00fchrungen:<\/p><p><img decoding=\"async\" class=\" size-full wp-image-127 alignnone\" src=\"\/wp-content\/uploads\/2015\/04\/dotnetpro_ccd_stempel_full_size.gif\" alt=\"Clean Code Developer Stempel - long\" width=\"468\" height=\"60\" \/><\/p><p><img decoding=\"async\" class=\" size-full wp-image-128 alignnone\" src=\"\/wp-content\/uploads\/2015\/04\/dotnetpro_ccd_stempel2_half_size.gif\" alt=\"Clean Code Developer Stempel - small\" width=\"234\" height=\"102\" \/><\/p><p>Diese Stempel kann jeder, der mag, auf seine Beitr\u00e4ge &#8222;drucken&#8220;, die sich mit CCD-Themen besch\u00e4ftigen. Woimmer CCD drin ist, da soll einer der Stempel auch drauf sein. Hier ein Beispiel aus der dotnetpro 8\/2009:<\/p><p><img fetchpriority=\"high\" decoding=\"async\" class=\"alignnone size-full wp-image-129\" src=\"http:\/\/clean-code-developer.de\/wp-content\/uploads\/2015\/04\/ccd-stempel-dotnetpro.jpg\" alt=\"CCD Stempel dotnetpro\" width=\"422\" height=\"250\" srcset=\"https:\/\/clean-code-developer.de\/wp-content\/uploads\/2015\/04\/ccd-stempel-dotnetpro.jpg 422w, https:\/\/clean-code-developer.de\/wp-content\/uploads\/2015\/04\/ccd-stempel-dotnetpro-300x178.jpg 300w\" sizes=\"(max-width: 422px) 100vw, 422px\" \/><\/p><p>Je h\u00e4ufiger der Stempel zu sehen ist, desto mehr Sichtbarkeit und Koh\u00e4renz bekommt die CCD-Botschaft. Der Wiedererkennwert ist hoch.<\/p><p>Aber, wie gesagt, es geht bei diesem Stempel nicht um die Kennzeichnung einer generellen Bekenntnis zu CCD, sondern um konkrete Beitr\u00e4ge, die sich mit CCD-Werten oder -Bausteinen besch\u00e4ftigen oder bewusst &#8222;CCD-konform&#8220; ausgelegt sind.<\/p><p>Die Stempel k\u00f6nnen in h\u00f6herer Aufl\u00f6sung <a title=\"hier\" href=\"\/wp-content\/uploads\/2015\/04\/ccd-stempel-einzeilig.gif\" target=\"_blank\" rel=\"noopener\">hier<\/a> und <a title=\"hier\" href=\"\/wp-content\/uploads\/2015\/04\/ccd-stempel-zweizeilig.jpg\" target=\"_blank\" rel=\"noopener\">hier<\/a> runtergeladen werden.<\/p><h2>Das Banner f\u00fcr\u00b4s CCD-Committment<\/h2><p>Wer sich insgesamt als CCDler &#8222;outen&#8220; m\u00f6chte &#8211; z.B. in seinem Blog &#8211; oder seine Firma als &#8222;CCD-freundlich&#8220; kennzeichnen m\u00f6chte, <a title=\"so wie es schon einige getan haben\" href=\"http:\/\/ralfw.blogspot.com\/2009\/05\/willen-zur-softwarequalitat-bekunden.html\" target=\"_blank\" rel=\"noopener\">so wie es schon einige getan haben<\/a>, der sollte ebenfalls den Stempel benutzen.<\/p><h2>Desktop-Hintergr\u00fcnde<\/h2><p>Die Erg\u00e4nzungen, die wir in der Vergangenheit vorgenommen haben, machten es erforderlich, Bildschirmhintergrund und Postkarten zu aktualisieren. Den neuen Bildschirmhintergrund gibt es bei der <a href=\"https:\/\/ccd-akademie.de\/clean-code-developer-bildschirmhintergrund\/\">CCD Akademie zum Download<\/a>.<\/p><p><a href=\"https:\/\/ccd-akademie.de\/clean-code-developer-bildschirmhintergrund\/\"><img loading=\"lazy\" decoding=\"async\" class=\"alignnone wp-image-801\" src=\"https:\/\/clean-code-developer.de\/wp-content\/uploads\/2022\/03\/screen_16_9_v5_small-1024x640.jpeg\" alt=\"\" width=\"500\" height=\"313\" srcset=\"https:\/\/clean-code-developer.de\/wp-content\/uploads\/2022\/03\/screen_16_9_v5_small-1024x640.jpeg 1024w, https:\/\/clean-code-developer.de\/wp-content\/uploads\/2022\/03\/screen_16_9_v5_small-300x188.jpeg 300w, https:\/\/clean-code-developer.de\/wp-content\/uploads\/2022\/03\/screen_16_9_v5_small-768x480.jpeg 768w, https:\/\/clean-code-developer.de\/wp-content\/uploads\/2022\/03\/screen_16_9_v5_small-1536x960.jpeg 1536w, https:\/\/clean-code-developer.de\/wp-content\/uploads\/2022\/03\/screen_16_9_v5_small-2048x1280.jpeg 2048w\" sizes=\"(max-width: 500px) 100vw, 500px\" \/><\/a><\/p><h2>Postkarten<\/h2><p>Neben dem Bildschirmhintergrund liegen nun auch die Postkarten im neuen Design vor. Ferner sind sie inhaltlich wieder auf dem aktuellen Stand. Die Postkarten k\u00f6nnen im <a href=\"https:\/\/shop.ccd-akademie.de\">Shop der CCD Akademie<\/a> bestellt werden.<\/p><p><a href=\"https:\/\/clean-code-developer.de\/wp-content\/uploads\/2024\/10\/CCD-Postkarten-small-scaled.jpeg\"><img loading=\"lazy\" decoding=\"async\" class=\"alignnone wp-image-962 size-medium\" src=\"https:\/\/clean-code-developer.de\/wp-content\/uploads\/2024\/10\/CCD-Postkarten-small-300x300.jpeg\" alt=\"Clean Code Developer Postkarten\" width=\"300\" height=\"300\" srcset=\"https:\/\/clean-code-developer.de\/wp-content\/uploads\/2024\/10\/CCD-Postkarten-small-300x300.jpeg 300w, https:\/\/clean-code-developer.de\/wp-content\/uploads\/2024\/10\/CCD-Postkarten-small-1024x1024.jpeg 1024w, https:\/\/clean-code-developer.de\/wp-content\/uploads\/2024\/10\/CCD-Postkarten-small-150x150.jpeg 150w, https:\/\/clean-code-developer.de\/wp-content\/uploads\/2024\/10\/CCD-Postkarten-small-768x768.jpeg 768w, https:\/\/clean-code-developer.de\/wp-content\/uploads\/2024\/10\/CCD-Postkarten-small-1536x1536.jpeg 1536w, https:\/\/clean-code-developer.de\/wp-content\/uploads\/2024\/10\/CCD-Postkarten-small-2048x2048.jpeg 2048w\" sizes=\"(max-width: 300px) 100vw, 300px\" \/><\/a><\/p><h2>Spielkarten<\/h2><p>Der Spielkartensatz enth\u00e4lt eine Karte zu jedem Prinzip und jeder Praktik. Ferner je eine Karte zu den Werten. Ideal f\u00fcr Code Reviews geeignet. Die Spielkarten k\u00f6nnen im <a href=\"https:\/\/shop.ccd-akademie.de\">Shop der CCD Akademie<\/a> bestellt werden.<\/p><p><a href=\"https:\/\/clean-code-developer.de\/wp-content\/uploads\/2024\/10\/CCD-Spielkarten-1-scaled.jpg\"><img loading=\"lazy\" decoding=\"async\" class=\"alignnone size-medium wp-image-961\" src=\"https:\/\/clean-code-developer.de\/wp-content\/uploads\/2024\/10\/CCD-Spielkarten-1-300x300.jpg\" alt=\"Clean Code Developer Spielkarten\" width=\"300\" height=\"300\" srcset=\"https:\/\/clean-code-developer.de\/wp-content\/uploads\/2024\/10\/CCD-Spielkarten-1-300x300.jpg 300w, https:\/\/clean-code-developer.de\/wp-content\/uploads\/2024\/10\/CCD-Spielkarten-1-1024x1024.jpg 1024w, https:\/\/clean-code-developer.de\/wp-content\/uploads\/2024\/10\/CCD-Spielkarten-1-150x150.jpg 150w, https:\/\/clean-code-developer.de\/wp-content\/uploads\/2024\/10\/CCD-Spielkarten-1-768x768.jpg 768w, https:\/\/clean-code-developer.de\/wp-content\/uploads\/2024\/10\/CCD-Spielkarten-1-1536x1536.jpg 1536w, https:\/\/clean-code-developer.de\/wp-content\/uploads\/2024\/10\/CCD-Spielkarten-1-2048x2048.jpg 2048w\" sizes=\"(max-width: 300px) 100vw, 300px\" \/><\/a><\/p><h2>Mausmatten<\/h2><p>Wer sich f\u00fcr jeden Grad eine eigene Mausmatte drucken lassen m\u00f6chte, kann sich mit den Druckdaten am Ende <a title=\"dieses Blog-Eintrags (englischsprachig)\" href=\"http:\/\/schneide.wordpress.com\/2012\/03\/19\/clean-code-developer-at-your-fingertips\/\" target=\"_blank\" rel=\"noopener\">dieses Blog-Eintrags (englischsprachig)<\/a> an einen der zahlreichen Anbieter im Netz wenden.<\/p><p>Die Bilder der einzelnen Grade k\u00f6nnen nat\u00fcrlich auch als Spickzettel ausgedruckt werden, der Inhalt ist aber identisch zu den oben genannten Postkarten.<\/p><h2>Das Poster<\/h2><p><a href=\"https:\/\/clean-code-developer.de\/wp-content\/uploads\/2022\/07\/Poster_A0_Landscape.jpg\"><img loading=\"lazy\" decoding=\"async\" class=\"alignnone wp-image-809 size-large\" src=\"https:\/\/clean-code-developer.de\/wp-content\/uploads\/2022\/07\/Poster_A0_Landscape-1024x730.jpg\" alt=\"Clean Code Developer Poster\" width=\"1024\" height=\"730\" srcset=\"https:\/\/clean-code-developer.de\/wp-content\/uploads\/2022\/07\/Poster_A0_Landscape-1024x730.jpg 1024w, https:\/\/clean-code-developer.de\/wp-content\/uploads\/2022\/07\/Poster_A0_Landscape-300x214.jpg 300w, https:\/\/clean-code-developer.de\/wp-content\/uploads\/2022\/07\/Poster_A0_Landscape-768x548.jpg 768w, https:\/\/clean-code-developer.de\/wp-content\/uploads\/2022\/07\/Poster_A0_Landscape-1536x1095.jpg 1536w, https:\/\/clean-code-developer.de\/wp-content\/uploads\/2022\/07\/Poster_A0_Landscape.jpg 1701w\" sizes=\"(max-width: 1024px) 100vw, 1024px\" \/><\/a><\/p><p>Die CCD Akademie stellt ein DIN A0 Poster der 45 Clean Code Developer Prinzipien und Praktiken <a href=\"https:\/\/ccd-akademie.de\/poster\">unter diesem Link<\/a> zur Verf\u00fcgung.<\/p>\t\t\t\t\t\t\t\t<\/div>\n\t\t\t\t<\/div>\n\t\t\t\t\t<\/div>\n\t\t<\/div>\n\t\t\t\t\t<\/div>\n\t\t<\/section>\n\t\t\t\t<\/div>\n\t\t","protected":false},"excerpt":{"rendered":"<p>Inhaltsverzeichnis Stempel f\u00fcr CCD-Beitr\u00e4ge Die CCD-Initiative profitiert von jeder Sichtbarkeit. Ihre Berechtigung liegt geradezu darin, Prinzipien und Praktiken, die es schon vorher gab, deutlicher und breiter sichtbar zu machen. Die &#8222;Marke&#8220; CCD wird umso st\u00e4rker und motiviert umso mehr Entwickler, je h\u00e4ufiger sie erw\u00e4hnt wird. Ein Hilfsmittel f\u00fcr mehr Sichtbarkeit ist das Armband. Allerdings mag [&hellip;]<\/p>\n","protected":false},"author":3,"featured_media":0,"parent":95,"menu_order":3,"comment_status":"closed","ping_status":"closed","template":"","meta":{"site-sidebar-layout":"default","site-content-layout":"","ast-site-content-layout":"default","site-content-style":"default","site-sidebar-style":"default","ast-global-header-display":"","ast-banner-title-visibility":"","ast-main-header-display":"","ast-hfb-above-header-display":"","ast-hfb-below-header-display":"","ast-hfb-mobile-header-display":"","site-post-title":"","ast-breadcrumbs-content":"","ast-featured-img":"","footer-sml-layout":"","ast-disable-related-posts":"","theme-transparent-header-meta":"","adv-header-id-meta":"","stick-header-meta":"","header-above-stick-meta":"","header-main-stick-meta":"","header-below-stick-meta":"","astra-migrate-meta-layouts":"set","ast-page-background-enabled":"default","ast-page-background-meta":{"desktop":{"background-color":"var(--ast-global-color-4)","background-image":"","background-repeat":"repeat","background-position":"center center","background-size":"auto","background-attachment":"scroll","background-type":"","background-media":"","overlay-type":"","overlay-color":"","overlay-opacity":"","overlay-gradient":""},"tablet":{"background-color":"","background-image":"","background-repeat":"repeat","background-position":"center center","background-size":"auto","background-attachment":"scroll","background-type":"","background-media":"","overlay-type":"","overlay-color":"","overlay-opacity":"","overlay-gradient":""},"mobile":{"background-color":"","background-image":"","background-repeat":"repeat","background-position":"center center","background-size":"auto","background-attachment":"scroll","background-type":"","background-media":"","overlay-type":"","overlay-color":"","overlay-opacity":"","overlay-gradient":""}},"ast-content-background-meta":{"desktop":{"background-color":"var(--ast-global-color-5)","background-image":"","background-repeat":"repeat","background-position":"center center","background-size":"auto","background-attachment":"scroll","background-type":"","background-media":"","overlay-type":"","overlay-color":"","overlay-opacity":"","overlay-gradient":""},"tablet":{"background-color":"var(--ast-global-color-5)","background-image":"","background-repeat":"repeat","background-position":"center center","background-size":"auto","background-attachment":"scroll","background-type":"","background-media":"","overlay-type":"","overlay-color":"","overlay-opacity":"","overlay-gradient":""},"mobile":{"background-color":"var(--ast-global-color-5)","background-image":"","background-repeat":"repeat","background-position":"center center","background-size":"auto","background-attachment":"scroll","background-type":"","background-media":"","overlay-type":"","overlay-color":"","overlay-opacity":"","overlay-gradient":""}},"footnotes":""},"class_list":["post-126","page","type-page","status-publish","hentry"],"aioseo_notices":[],"_links":{"self":[{"href":"https:\/\/clean-code-developer.de\/fr\/wp-json\/wp\/v2\/pages\/126","targetHints":{"allow":["GET"]}}],"collection":[{"href":"https:\/\/clean-code-developer.de\/fr\/wp-json\/wp\/v2\/pages"}],"about":[{"href":"https:\/\/clean-code-developer.de\/fr\/wp-json\/wp\/v2\/types\/page"}],"author":[{"embeddable":true,"href":"https:\/\/clean-code-developer.de\/fr\/wp-json\/wp\/v2\/users\/3"}],"replies":[{"embeddable":true,"href":"https:\/\/clean-code-developer.de\/fr\/wp-json\/wp\/v2\/comments?post=126"}],"version-history":[{"count":5,"href":"https:\/\/clean-code-developer.de\/fr\/wp-json\/wp\/v2\/pages\/126\/revisions"}],"predecessor-version":[{"id":968,"href":"https:\/\/clean-code-developer.de\/fr\/wp-json\/wp\/v2\/pages\/126\/revisions\/968"}],"up":[{"embeddable":true,"href":"https:\/\/clean-code-developer.de\/fr\/wp-json\/wp\/v2\/pages\/95"}],"wp:attachment":[{"href":"https:\/\/clean-code-developer.de\/fr\/wp-json\/wp\/v2\/media?parent=126"}],"curies":[{"name":"wp","href":"https:\/\/api.w.org\/{rel}","templated":true}]}}