{"id":142,"date":"2015-04-26T14:00:35","date_gmt":"2015-04-26T12:00:35","guid":{"rendered":"http:\/\/ccd.ralfw.domainfactory-kunde.de\/?page_id=142"},"modified":"2019-08-15T13:13:37","modified_gmt":"2019-08-15T11:13:37","slug":"rapports","status":"publish","type":"page","link":"https:\/\/clean-code-developer.de\/fr\/die-initiative\/berichte\/","title":{"rendered":"Rapports"},"content":{"rendered":"<h1>Rapports sur le CCD<\/h1>\n<p>O\u00f9 est-il fait \u00e9tat du syst\u00e8me de valeurs des d\u00e9veloppeurs Clean Code ? Qui le commente ? Qui l'applique ? Voici des liens vers des contributions dont nous avons pris connaissance.<\/p>\n<h2>Rapports sur le CCD<\/h2>\n<ul>\n<li><a title=\"Il faut du code propre, mais comment ?\" href=\"http:\/\/programm.froscon.org\/2011\/events\/870.html\" target=\"_blank\" rel=\"noopener noreferrer\">Il faut du code propre, mais comment ?<\/a>, conf\u00e9rence chez <a class=\"externallink\" title=\"FrOSCon\" href=\"http:\/\/programm.froscon.org\/\" target=\"_blank\" rel=\"noopener noreferrer\">FrOSCon<\/a> Ao\u00fbt 2011<\/li>\n<li><a title=\"Il faut du code propre, mais comment ?\" href=\"http:\/\/it-republik.de\/jaxenter\/java-magazin-ausgaben\/HTML-5-000422.html\" target=\"_blank\" rel=\"noopener noreferrer\">Il faut du code propre, mais comment ?<\/a>, paru dans Javamagazin d\u00e9cembre 2010<\/li>\n<li><a title=\"Pas de bavardage, t\u00eate en bas\" href=\"http:\/\/web.archive.org\/web\/20160416090452\/http:\/\/it-republik.de\/jaxenter\/artikel\/Die-Clean-Code-Developer-Initiative-3157.html\" target=\"_blank\" rel=\"noopener noreferrer\">Pas de bavardage, t\u00eate en bas<\/a>, paru chez jaxenter en juin 2010<\/li>\n<li><a title=\"Entretien avec Stefan Lieser\" href=\"http:\/\/web.archive.org\/web\/20140521005744\/http:\/\/www.vksi.de:80\/fileadmin\/downloads\/magazin\/VKSIMagazin-1002m.pdf\" target=\"_blank\" rel=\"noopener noreferrer\">Entretien avec Stefan Lieser<\/a>, magazine VKSI, p. 28 et suivantes<\/li>\n<li><a title=\"Le code propre et les racines de Scrum\" href=\"http:\/\/scrumcenter.com\/?q=node\/40\" target=\"_blank\" rel=\"noopener noreferrer\">Le code propre et les racines de Scrum<\/a>, Christoph Mathis : Mention positive de CCD dans la communaut\u00e9 Scrum anglophone, y compris mini-carte CCD en anglais<\/li>\n<li><a title=\"Entretien avec Ralf Westphal sur le CCD\" href=\"http:\/\/www.heise.de\/developer\/artikel\/Ralf-Westphal-im-Gespraech-ueber-Clean-Code-Developer-403655.html\" target=\"_blank\" rel=\"noopener noreferrer\">Entretien avec Ralf Westphal sur le CCD<\/a>, heise Developer<\/li>\n<li><a title=\"Heise Developer sur le Lightning Talk \u00e0 la JUGC\" href=\"http:\/\/www.heise.de\/developer\/artikel\/JUGC-Event-Struts-2-Gradle-Rock-Star-Programmers-JSF-2-im-Fokus-849281.html\" target=\"_blank\" rel=\"noopener noreferrer\">Heise Developer sur le Lightning Talk \u00e0 la JUGC<\/a><\/li>\n<li>Erik Bollow\n<ul>\n<li><a title=\"Now working on CCD orange degree\" href=\"http:\/\/blog.bollow.name\/2009\/03\/now-working-on-ccd-orange-degree\/\" target=\"_blank\" rel=\"noopener noreferrer\">Now working on CCD orange degree<\/a><\/li>\n<li><a title=\"Clean Code as fundamental for professional software development (Le code propre comme fondement du d\u00e9veloppement logiciel professionnel)\" href=\"http:\/\/blog.bollow.name\/2009\/01\/clean-code-as-fundament-for-professional-software-development\/\" target=\"_blank\" rel=\"noopener noreferrer\">Clean Code as fundamental for professional software development (Le code propre comme fondement du d\u00e9veloppement logiciel professionnel)<\/a><\/li>\n<\/ul>\n<\/li>\n<li><a title=\"Message sur Heise Developer\" href=\"http:\/\/www.heise.de\/developer\/Clean-Code-Developer-Forum-fuer-professionionelle-Softwareentwicklung--\/news\/meldung\/133625\" target=\"_blank\" rel=\"noopener noreferrer\">Message sur Heise Developer<\/a><\/li>\n<li><a title=\"Discussion dans le forum Software Craftsmanship\" href=\"https:\/\/groups.google.com\/forum\/#!topic\/software_craftsmanship\/z3Wm1Mhypmc\" target=\"_blank\" rel=\"noopener noreferrer\">Discussion dans le forum Software Craftsmanship<\/a><\/li>\n<li>L'ombre d'Alexander, <a title=\"D\u00e9veloppeur de code propre\" href=\"http:\/\/best-practice-software-engineering.blogspot.com\/2009\/01\/clean-code-developer.html\" target=\"_blank\" rel=\"noopener noreferrer\">D\u00e9veloppeur de code propre<\/a>, blog<\/li>\n<li>Ralf Westphal, <a title=\"Vers plus de professionnalisme\" href=\"http:\/\/www.dotnetpro.de\/articles\/onlinearticle2870.aspx\" target=\"_blank\" rel=\"noopener noreferrer\">Vers plus de professionnalisme<\/a>, dotnetpro 2\/09<\/li>\n<li>dotnetpro, <a title=\"Actualit\u00e9s en ligne\" href=\"http:\/\/web.archive.org\/web\/20160417185617\/http:\/\/www.dotnetpro.de\/newsgroups\/newsgroupthread.aspx?id=7492\" target=\"_blank\" rel=\"noopener noreferrer\">Actualit\u00e9s en ligne<\/a><\/li>\n<li>Stefan Lieser, <a title=\"http:\/\/www.lieser-online.de\/blog\/?p=145\" href=\"http:\/\/web.archive.org\/web\/20131010105209\/http:\/\/www.lieser-online.de\/blog\/?p=145\" target=\"_blank\" rel=\"noopener noreferrer\">http:\/\/www.lieser-online.de\/blog\/?p=145<\/a>, blog<\/li>\n<li>Ralf Westphal, <a title=\"Clean Code Developer - Une voie vers plus de professionnalisme\" href=\"http:\/\/blog.ralfw.de\/2008\/12\/clean-code-developer-ein-weg-zu-mehr.html\" target=\"_blank\" rel=\"noopener noreferrer\">Clean Code Developer - Une voie vers plus de professionnalisme<\/a>, blog<\/li>\n<li>J\u00f6rg R\u00fcckert, <a title=\"Blog Java pour les d\u00e9veloppeurs Clean Code\" href=\"http:\/\/java-ccd.blogspot.com\/\" target=\"_blank\" rel=\"noopener noreferrer\">Blog Java pour les d\u00e9veloppeurs Clean Code<\/a>, blog<\/li>\n<\/ul>\n<h2>CCD dans les groupes d'utilisateurs<\/h2>\n<ul>\n<li>Groupe de d\u00e9veloppeurs .NET Ulm <a title=\"http:\/\/www.dotnet-ulm.de\/Cleancodedeveloper.aspx\" href=\"http:\/\/www.dotnet-ulm.de\/Cleancodedeveloper.aspx\" target=\"_blank\" rel=\"noopener noreferrer\">http:\/\/www.dotnet-ulm.de\/Cleancodedeveloper.aspx<\/a><\/li>\n<\/ul>","protected":false},"excerpt":{"rendered":"<p>Berichterstattung \u00fcber CCD Wo wird \u00fcber das Clean Code Developer Wertesystem berichtet? Wer kommentiert es? Wer wendet es an? Hier Links zu Beitr\u00e4gen, von denen wir Kenntnis erhalten haben. Berichte \u00fcber CCD Clean Code muss sein, aber wie?, Vortrag bei FrOSCon August 2011 Clean Code muss sein, aber wie?, erschienen in Javamagazin Dezember 2010 Nicht [&hellip;]<\/p>\n","protected":false},"author":3,"featured_media":0,"parent":95,"menu_order":7,"comment_status":"closed","ping_status":"closed","template":"","meta":{"site-sidebar-layout":"default","site-content-layout":"","ast-site-content-layout":"default","site-content-style":"default","site-sidebar-style":"default","ast-global-header-display":"","ast-banner-title-visibility":"","ast-main-header-display":"","ast-hfb-above-header-display":"","ast-hfb-below-header-display":"","ast-hfb-mobile-header-display":"","site-post-title":"","ast-breadcrumbs-content":"","ast-featured-img":"","footer-sml-layout":"","ast-disable-related-posts":"","theme-transparent-header-meta":"","adv-header-id-meta":"","stick-header-meta":"","header-above-stick-meta":"","header-main-stick-meta":"","header-below-stick-meta":"","astra-migrate-meta-layouts":"default","ast-page-background-enabled":"default","ast-page-background-meta":{"desktop":{"background-color":"var(--ast-global-color-4)","background-image":"","background-repeat":"repeat","background-position":"center center","background-size":"auto","background-attachment":"scroll","background-type":"","background-media":"","overlay-type":"","overlay-color":"","overlay-opacity":"","overlay-gradient":""},"tablet":{"background-color":"","background-image":"","background-repeat":"repeat","background-position":"center center","background-size":"auto","background-attachment":"scroll","background-type":"","background-media":"","overlay-type":"","overlay-color":"","overlay-opacity":"","overlay-gradient":""},"mobile":{"background-color":"","background-image":"","background-repeat":"repeat","background-position":"center center","background-size":"auto","background-attachment":"scroll","background-type":"","background-media":"","overlay-type":"","overlay-color":"","overlay-opacity":"","overlay-gradient":""}},"ast-content-background-meta":{"desktop":{"background-color":"var(--ast-global-color-5)","background-image":"","background-repeat":"repeat","background-position":"center center","background-size":"auto","background-attachment":"scroll","background-type":"","background-media":"","overlay-type":"","overlay-color":"","overlay-opacity":"","overlay-gradient":""},"tablet":{"background-color":"var(--ast-global-color-5)","background-image":"","background-repeat":"repeat","background-position":"center center","background-size":"auto","background-attachment":"scroll","background-type":"","background-media":"","overlay-type":"","overlay-color":"","overlay-opacity":"","overlay-gradient":""},"mobile":{"background-color":"var(--ast-global-color-5)","background-image":"","background-repeat":"repeat","background-position":"center center","background-size":"auto","background-attachment":"scroll","background-type":"","background-media":"","overlay-type":"","overlay-color":"","overlay-opacity":"","overlay-gradient":""}},"footnotes":""},"class_list":["post-142","page","type-page","status-publish","hentry"],"aioseo_notices":[],"_links":{"self":[{"href":"https:\/\/clean-code-developer.de\/fr\/wp-json\/wp\/v2\/pages\/142","targetHints":{"allow":["GET"]}}],"collection":[{"href":"https:\/\/clean-code-developer.de\/fr\/wp-json\/wp\/v2\/pages"}],"about":[{"href":"https:\/\/clean-code-developer.de\/fr\/wp-json\/wp\/v2\/types\/page"}],"author":[{"embeddable":true,"href":"https:\/\/clean-code-developer.de\/fr\/wp-json\/wp\/v2\/users\/3"}],"replies":[{"embeddable":true,"href":"https:\/\/clean-code-developer.de\/fr\/wp-json\/wp\/v2\/comments?post=142"}],"version-history":[{"count":5,"href":"https:\/\/clean-code-developer.de\/fr\/wp-json\/wp\/v2\/pages\/142\/revisions"}],"predecessor-version":[{"id":580,"href":"https:\/\/clean-code-developer.de\/fr\/wp-json\/wp\/v2\/pages\/142\/revisions\/580"}],"up":[{"embeddable":true,"href":"https:\/\/clean-code-developer.de\/fr\/wp-json\/wp\/v2\/pages\/95"}],"wp:attachment":[{"href":"https:\/\/clean-code-developer.de\/fr\/wp-json\/wp\/v2\/media?parent=142"}],"curies":[{"name":"wp","href":"https:\/\/api.w.org\/{rel}","templated":true}]}}