{"id":471,"date":"2017-07-04T11:18:33","date_gmt":"2017-07-04T09:18:33","guid":{"rendered":"http:\/\/clean-code-developer.de\/?page_id=471"},"modified":"2018-05-10T13:10:41","modified_gmt":"2018-05-10T11:10:41","slug":"declaration-de-protection-des-donnees","status":"publish","type":"page","link":"https:\/\/clean-code-developer.de\/fr\/datenschutzerklaerung\/","title":{"rendered":"D\u00e9claration de confidentialit\u00e9"},"content":{"rendered":"<h2>D\u00e9claration de confidentialit\u00e9<\/h2>\n<p>L'utilisation de notre site est possible sans indication de donn\u00e9es personnelles. Pour l'utilisation de certains services de notre site, il peut en r\u00e9sulter des dispositions diff\u00e9rentes, qui sont dans ce cas expliqu\u00e9es s\u00e9par\u00e9ment ci-apr\u00e8s. Vos donn\u00e9es personnelles (par ex. nom, adresse, e-mail, num\u00e9ro de t\u00e9l\u00e9phone, etc.) ne sont trait\u00e9es par nos soins que conform\u00e9ment aux dispositions de la loi allemande sur la protection des donn\u00e9es. Les donn\u00e9es sont consid\u00e9r\u00e9es comme personnelles lorsqu'elles peuvent \u00eatre clairement attribu\u00e9es \u00e0 une personne physique d\u00e9termin\u00e9e. Les bases juridiques de la protection des donn\u00e9es se trouvent dans la loi f\u00e9d\u00e9rale sur la protection des donn\u00e9es (BDSG) et la loi sur les t\u00e9l\u00e9m\u00e9dias (TMG). Les dispositions suivantes vous informent sur la nature, l'\u00e9tendue et le but de la collecte, de l'utilisation et du traitement des donn\u00e9es personnelles par le fournisseur.<\/p>\n<p>Ralf Westphal<br \/>\n44, chemin Hans-Henny-Jahnn<br \/>\n22085 Hambourg<br \/>\nT\u00e9l 0170-3200458<\/p>\n<p>Stefan Lieser<br \/>\nAvenue Willi-Lauf 3<br \/>\n50858 Cologne<br \/>\nTel +49 1525 6806877<\/p>\n<p>Email info@clean-code-developer.com<\/p>\n<p>Nous attirons votre attention sur le fait que la transmission de donn\u00e9es par Internet pr\u00e9sente des failles de s\u00e9curit\u00e9 et qu'il est donc impossible d'assurer une protection totale contre les acc\u00e8s par des tiers.<\/p>\n<h4>Cookies<\/h4>\n<p>Nous utilisons des cookies sur notre site pour reconna\u00eetre les utilisations multiples de notre offre par le m\u00eame utilisateur\/titulaire de la connexion Internet. Les cookies sont de petits fichiers texte que votre navigateur Internet d\u00e9pose et enregistre sur votre ordinateur. Ils servent \u00e0 optimiser notre pr\u00e9sence sur Internet et nos offres. Il s'agit le plus souvent de \"cookies de session\" qui sont supprim\u00e9s \u00e0 la fin de votre visite.<br \/>\nToutefois, ces cookies fournissent parfois des informations permettant de vous reconna\u00eetre automatiquement. Cette reconnaissance se fait sur la base de l'adresse IP enregistr\u00e9e dans les cookies. Les informations ainsi obtenues servent \u00e0 optimiser nos offres et \u00e0 vous permettre d'acc\u00e9der plus facilement \u00e0 notre site.<br \/>\nVous pouvez emp\u00eacher l'installation des cookies en param\u00e9trant votre navigateur en cons\u00e9quence ; nous attirons toutefois votre attention sur le fait que, dans ce cas, vous ne pourrez peut-\u00eatre pas utiliser toutes les fonctions de notre site web dans leur int\u00e9gralit\u00e9.<\/p>\n<h4>Donn\u00e9es du serveur<\/h4>\n<p>Pour des raisons techniques, les donn\u00e9es suivantes, entre autres, que votre navigateur Internet nous transmet ou transmet \u00e0 notre fournisseur d'espace web, sont saisies (ce que l'on appelle des fichiers journaux de serveur) :<\/p>\n<p>- Type et version du navigateur<br \/>\n- le syst\u00e8me d'exploitation utilis\u00e9<br \/>\n- Site web \u00e0 partir duquel vous nous rendez visite (Referrer URL)<br \/>\n- Site web que vous visitez<br \/>\n- la date et l'heure de votre acc\u00e8s<br \/>\n- Votre adresse de protocole Internet (IP).<\/p>\n<p>Ces donn\u00e9es anonymes sont enregistr\u00e9es s\u00e9par\u00e9ment des donn\u00e9es personnelles que vous avez \u00e9ventuellement fournies et ne permettent donc pas d'identifier une personne en particulier. Elles sont \u00e9valu\u00e9es \u00e0 des fins statistiques afin d'optimiser notre pr\u00e9sence sur Internet et nos offres.<\/p>\n<h3>Information\/r\u00e9vocation\/suppression<\/h3>\n<p>En vertu de la loi f\u00e9d\u00e9rale sur la protection des donn\u00e9es, vous pouvez vous adresser gratuitement \u00e0 nous pour toute question relative \u00e0 la collecte, au traitement ou \u00e0 l'utilisation de vos donn\u00e9es personnelles et \u00e0 leur rectification, leur blocage, leur suppression ou \u00e0 la r\u00e9vocation d'un consentement donn\u00e9. Nous attirons votre attention sur le fait que vous disposez d'un droit de rectification des donn\u00e9es erron\u00e9es ou de suppression des donn\u00e9es \u00e0 caract\u00e8re personnel, dans la mesure o\u00f9 aucune obligation l\u00e9gale de conservation ne s'oppose \u00e0 ce droit.<\/p>\n<p><a href=\"https:\/\/www.ratgeberrecht.eu\/leistungen\/muster-datenschutzerklaerung.html\" target=\"_blank\" rel=\"noopener\">Mod\u00e8le de d\u00e9claration de protection des donn\u00e9es<\/a> le <a href=\"https:\/\/www.ratgeberrecht.eu\/\" target=\"_blank\" rel=\"noopener\">Cabinet d'avocats Wei\u00df &amp; Partner<\/a><\/p>","protected":false},"excerpt":{"rendered":"<p>Datenschutzerkl\u00e4rung Die Nutzung unserer Seite ist ohne eine Angabe von personenbezogenen Daten m\u00f6glich. F\u00fcr die Nutzung einzelner Services unserer Seite k\u00f6nnen sich hierf\u00fcr abweichende Regelungen ergeben, die in diesem Falle nachstehend gesondert erl\u00e4utert werden. Ihre personenbezogenen Daten (z.B. Name, Anschrift, E-Mail, Telefonnummer, u.\u00e4.) werden von uns nur gem\u00e4\u00df den Bestimmungen des deutschen Datenschutzrechts verarbeitet. Daten [&hellip;]<\/p>\n","protected":false},"author":7,"featured_media":0,"parent":0,"menu_order":0,"comment_status":"closed","ping_status":"closed","template":"","meta":{"site-sidebar-layout":"default","site-content-layout":"","ast-site-content-layout":"default","site-content-style":"default","site-sidebar-style":"default","ast-global-header-display":"","ast-banner-title-visibility":"","ast-main-header-display":"","ast-hfb-above-header-display":"","ast-hfb-below-header-display":"","ast-hfb-mobile-header-display":"","site-post-title":"","ast-breadcrumbs-content":"","ast-featured-img":"","footer-sml-layout":"","ast-disable-related-posts":"","theme-transparent-header-meta":"","adv-header-id-meta":"","stick-header-meta":"","header-above-stick-meta":"","header-main-stick-meta":"","header-below-stick-meta":"","astra-migrate-meta-layouts":"default","ast-page-background-enabled":"default","ast-page-background-meta":{"desktop":{"background-color":"var(--ast-global-color-4)","background-image":"","background-repeat":"repeat","background-position":"center center","background-size":"auto","background-attachment":"scroll","background-type":"","background-media":"","overlay-type":"","overlay-color":"","overlay-opacity":"","overlay-gradient":""},"tablet":{"background-color":"","background-image":"","background-repeat":"repeat","background-position":"center center","background-size":"auto","background-attachment":"scroll","background-type":"","background-media":"","overlay-type":"","overlay-color":"","overlay-opacity":"","overlay-gradient":""},"mobile":{"background-color":"","background-image":"","background-repeat":"repeat","background-position":"center center","background-size":"auto","background-attachment":"scroll","background-type":"","background-media":"","overlay-type":"","overlay-color":"","overlay-opacity":"","overlay-gradient":""}},"ast-content-background-meta":{"desktop":{"background-color":"var(--ast-global-color-5)","background-image":"","background-repeat":"repeat","background-position":"center center","background-size":"auto","background-attachment":"scroll","background-type":"","background-media":"","overlay-type":"","overlay-color":"","overlay-opacity":"","overlay-gradient":""},"tablet":{"background-color":"var(--ast-global-color-5)","background-image":"","background-repeat":"repeat","background-position":"center center","background-size":"auto","background-attachment":"scroll","background-type":"","background-media":"","overlay-type":"","overlay-color":"","overlay-opacity":"","overlay-gradient":""},"mobile":{"background-color":"var(--ast-global-color-5)","background-image":"","background-repeat":"repeat","background-position":"center center","background-size":"auto","background-attachment":"scroll","background-type":"","background-media":"","overlay-type":"","overlay-color":"","overlay-opacity":"","overlay-gradient":""}},"footnotes":""},"class_list":["post-471","page","type-page","status-publish","hentry"],"aioseo_notices":[],"_links":{"self":[{"href":"https:\/\/clean-code-developer.de\/fr\/wp-json\/wp\/v2\/pages\/471","targetHints":{"allow":["GET"]}}],"collection":[{"href":"https:\/\/clean-code-developer.de\/fr\/wp-json\/wp\/v2\/pages"}],"about":[{"href":"https:\/\/clean-code-developer.de\/fr\/wp-json\/wp\/v2\/types\/page"}],"author":[{"embeddable":true,"href":"https:\/\/clean-code-developer.de\/fr\/wp-json\/wp\/v2\/users\/7"}],"replies":[{"embeddable":true,"href":"https:\/\/clean-code-developer.de\/fr\/wp-json\/wp\/v2\/comments?post=471"}],"version-history":[{"count":3,"href":"https:\/\/clean-code-developer.de\/fr\/wp-json\/wp\/v2\/pages\/471\/revisions"}],"predecessor-version":[{"id":545,"href":"https:\/\/clean-code-developer.de\/fr\/wp-json\/wp\/v2\/pages\/471\/revisions\/545"}],"wp:attachment":[{"href":"https:\/\/clean-code-developer.de\/fr\/wp-json\/wp\/v2\/media?parent=471"}],"curies":[{"name":"wp","href":"https:\/\/api.w.org\/{rel}","templated":true}]}}