{"id":92,"date":"2015-04-26T14:00:59","date_gmt":"2015-04-26T12:00:59","guid":{"rendered":"http:\/\/ccd.ralfw.domainfactory-kunde.de\/?page_id=92"},"modified":"2021-12-21T09:47:31","modified_gmt":"2021-12-21T08:47:31","slug":"degre-blanc","status":"publish","type":"page","link":"https:\/\/clean-code-developer.de\/fr\/die-grade\/weisser-grad\/","title":{"rendered":"Degr\u00e9 blanc"},"content":{"rendered":"<p>Avec le grade blanc, la boucle est boucl\u00e9e. Il r\u00e9unit tous les principes et pratiques des degr\u00e9s de couleur. Son horizon est constitu\u00e9 de tous les \u00e9l\u00e9ments constitutifs r\u00e9unis. Celui qui a atteint le degr\u00e9 blanc travaille en permanence sur toutes les facettes du <a title=\"Syst\u00e8me de valeurs\" href=\"http:\/\/clean-code-developer.de\/fr\/le-systeme-de-valeurs\/\">Syst\u00e8me de valeurs<\/a>. Cependant, comme une telle attention flottante est difficile \u00e0 \u00e9tablir, nous nous attendons \u00e0 ce que le d\u00e9veloppeur de code propre recommence \u00e0 travailler dans le syst\u00e8me de grades apr\u00e8s un certain temps.<\/p>\n<p>En revenant au bout de 21 jours aupr\u00e8s du <a title=\"Degr\u00e9 rouge\" href=\"http:\/\/clean-code-developer.de\/fr\/qui-est-en-train-de\/degre-rouge\/\">degr\u00e9 rouge<\/a> commence, il peut se concentrer un peu plus sur une partie du syst\u00e8me de valeurs dans sa pratique quotidienne. Cela sert \u00e0 affiner l'application des aspects de chaque grade. Exemple : la pratique du contr\u00f4le de version n'est pas binaire. Celui qui l'a utilis\u00e9e \u00e0 partir du degr\u00e9 rouge ne l'exploite pas forc\u00e9ment \u00e0 fond. En revenant du degr\u00e9 blanc au degr\u00e9 rouge, il se donne la chance d'aller plus loin dans le contr\u00f4le de version lors de la r\u00e9p\u00e9tition. Il n'y a pas de principe, pas de pratique qui ne gagnerait pas \u00e0 \u00eatre abord\u00e9e \u00e0 nouveau dans des passages r\u00e9p\u00e9t\u00e9s du syst\u00e8me des grades.<\/p>\n<p>Pour nous, le retour du degr\u00e9 blanc au degr\u00e9 rouge exprime \u00e9galement la compr\u00e9hension que les it\u00e9rations ne sont pas seulement une pratique pour les projets logiciels. Les it\u00e9rations d\u00e9finissent plut\u00f4t le mod\u00e8le de base de l'apprentissage. L'apprentissage se fait en boucle et n\u00e9cessite la r\u00e9p\u00e9tition.<\/p>\n<p>En outre, nous consid\u00e9rons que le fait de retirer le bracelet blanc au profit du rouge est un acte de modestie et d'humilit\u00e9. Ce faisant, nous ne voulons pas ajouter une dimension spirituelle au syst\u00e8me de valeurs CCD, mais simplement rendre \u00e9vident le fait que le d\u00e9veloppement de logiciels est une roue d'apprentissage qui tourne \u00e9ternellement. Celui qui croit \u00eatre arriv\u00e9 \u00e0 la fin ou m\u00eame pouvoir arriver \u00e0 la fin, succombe \u00e0 une illusion. En revanche, celui qui fait suivre le blanc par le rouge est conscient du cycle d'apprentissage.<\/p>\n<p>Comme nous l'avons d\u00e9j\u00e0 mentionn\u00e9 ailleurs, les grades ne constituent pas une \u00e9valuation. Ceux qui ont particip\u00e9 au <a title=\"Degr\u00e9 bleu\" href=\"http:\/\/clean-code-developer.de\/fr\/qui-est-en-train-de\/degre-bleu\/\">degr\u00e9 bleu<\/a> n'est pas meilleur que celui qui travaille <a title=\"Degr\u00e9 orange\" href=\"http:\/\/clean-code-developer.de\/fr\/qui-est-en-train-de\/degre-orange\/\">degr\u00e9 orange<\/a> travaille. Les grades ne font que diviser l'ensemble du syst\u00e8me de valeurs en petits morceaux et les mettent dans un ordre que nous consid\u00e9rons comme facile \u00e0 suivre. En ce sens, un d\u00e9veloppeur qui a travaill\u00e9 avec succ\u00e8s sur le grade blanc n'abandonne rien s'il recommence au rouge.<\/p>\n<p>Celui qui n'aime pas cela peut r\u00e9p\u00e9ter les \"degr\u00e9s color\u00e9s\" dans n'importe quel ordre. Il peut d\u00e9cider de concentrer son attention sur les aspects d'un degr\u00e9 quelconque pendant un certain temps. Repartir du degr\u00e9 rouge permet simplement de s'assurer que tous les aspects seront approfondis par la suite.<\/p>\n<p>Poursuivre avec le <a title=\"Degr\u00e9 rouge\" href=\"http:\/\/clean-code-developer.de\/fr\/qui-est-en-train-de\/degre-rouge\/\">degr\u00e9 rouge<\/a>.<\/p>","protected":false},"excerpt":{"rendered":"<p>Mit dem wei\u00dfen Grad schlie\u00dft sich der Kreis. Er vereinigt alle Prinzipien und Praktiken der farbigen Grade. Sein Horizont sind alle Bausteine zusammen. Wer den wei\u00dfen Grad erreicht hat, arbeitet st\u00e4ndig an allen Facetten des Wertesystems. Da solche gleichschwebende Aufmerksamkeit jedoch schwer herzustellen ist, erwarten wir, dass der Clean Code Developer nach einiger Zeit wieder [&hellip;]<\/p>\n","protected":false},"author":3,"featured_media":0,"parent":17,"menu_order":7,"comment_status":"closed","ping_status":"closed","template":"","meta":{"site-sidebar-layout":"default","site-content-layout":"","ast-site-content-layout":"default","site-content-style":"default","site-sidebar-style":"default","ast-global-header-display":"","ast-banner-title-visibility":"","ast-main-header-display":"","ast-hfb-above-header-display":"","ast-hfb-below-header-display":"","ast-hfb-mobile-header-display":"","site-post-title":"","ast-breadcrumbs-content":"","ast-featured-img":"","footer-sml-layout":"","ast-disable-related-posts":"","theme-transparent-header-meta":"","adv-header-id-meta":"","stick-header-meta":"","header-above-stick-meta":"","header-main-stick-meta":"","header-below-stick-meta":"","astra-migrate-meta-layouts":"default","ast-page-background-enabled":"default","ast-page-background-meta":{"desktop":{"background-color":"var(--ast-global-color-4)","background-image":"","background-repeat":"repeat","background-position":"center center","background-size":"auto","background-attachment":"scroll","background-type":"","background-media":"","overlay-type":"","overlay-color":"","overlay-opacity":"","overlay-gradient":""},"tablet":{"background-color":"","background-image":"","background-repeat":"repeat","background-position":"center center","background-size":"auto","background-attachment":"scroll","background-type":"","background-media":"","overlay-type":"","overlay-color":"","overlay-opacity":"","overlay-gradient":""},"mobile":{"background-color":"","background-image":"","background-repeat":"repeat","background-position":"center center","background-size":"auto","background-attachment":"scroll","background-type":"","background-media":"","overlay-type":"","overlay-color":"","overlay-opacity":"","overlay-gradient":""}},"ast-content-background-meta":{"desktop":{"background-color":"var(--ast-global-color-5)","background-image":"","background-repeat":"repeat","background-position":"center center","background-size":"auto","background-attachment":"scroll","background-type":"","background-media":"","overlay-type":"","overlay-color":"","overlay-opacity":"","overlay-gradient":""},"tablet":{"background-color":"var(--ast-global-color-5)","background-image":"","background-repeat":"repeat","background-position":"center center","background-size":"auto","background-attachment":"scroll","background-type":"","background-media":"","overlay-type":"","overlay-color":"","overlay-opacity":"","overlay-gradient":""},"mobile":{"background-color":"var(--ast-global-color-5)","background-image":"","background-repeat":"repeat","background-position":"center center","background-size":"auto","background-attachment":"scroll","background-type":"","background-media":"","overlay-type":"","overlay-color":"","overlay-opacity":"","overlay-gradient":""}},"footnotes":""},"class_list":["post-92","page","type-page","status-publish","hentry"],"aioseo_notices":[],"_links":{"self":[{"href":"https:\/\/clean-code-developer.de\/fr\/wp-json\/wp\/v2\/pages\/92","targetHints":{"allow":["GET"]}}],"collection":[{"href":"https:\/\/clean-code-developer.de\/fr\/wp-json\/wp\/v2\/pages"}],"about":[{"href":"https:\/\/clean-code-developer.de\/fr\/wp-json\/wp\/v2\/types\/page"}],"author":[{"embeddable":true,"href":"https:\/\/clean-code-developer.de\/fr\/wp-json\/wp\/v2\/users\/3"}],"replies":[{"embeddable":true,"href":"https:\/\/clean-code-developer.de\/fr\/wp-json\/wp\/v2\/comments?post=92"}],"version-history":[{"count":4,"href":"https:\/\/clean-code-developer.de\/fr\/wp-json\/wp\/v2\/pages\/92\/revisions"}],"predecessor-version":[{"id":695,"href":"https:\/\/clean-code-developer.de\/fr\/wp-json\/wp\/v2\/pages\/92\/revisions\/695"}],"up":[{"embeddable":true,"href":"https:\/\/clean-code-developer.de\/fr\/wp-json\/wp\/v2\/pages\/17"}],"wp:attachment":[{"href":"https:\/\/clean-code-developer.de\/fr\/wp-json\/wp\/v2\/media?parent=92"}],"curies":[{"name":"wp","href":"https:\/\/api.w.org\/{rel}","templated":true}]}}