{"id":98,"date":"2015-04-26T14:00:54","date_gmt":"2015-04-26T12:00:54","guid":{"rendered":"http:\/\/ccd.ralfw.domainfactory-kunde.de\/?page_id=98"},"modified":"2022-06-05T14:17:56","modified_gmt":"2022-06-05T12:17:56","slug":"bracelets","status":"publish","type":"page","link":"https:\/\/clean-code-developer.de\/fr\/die-initiative\/armbaender\/","title":{"rendered":"Bracelets"},"content":{"rendered":"<h1>Le bracelet Clean Code Developer<\/h1>\n<p><img fetchpriority=\"high\" decoding=\"async\" class=\"alignleft size-medium wp-image-99\" src=\"\/wp-content\/uploads\/2015\/04\/armbaender-300x182.jpg\" alt=\"Bracelets\" width=\"300\" height=\"182\" srcset=\"https:\/\/clean-code-developer.de\/wp-content\/uploads\/2015\/04\/armbaender-300x182.jpg 300w, https:\/\/clean-code-developer.de\/wp-content\/uploads\/2015\/04\/armbaender.jpg 400w\" sizes=\"(max-width: 300px) 100vw, 300px\" \/>Les Clean Code Developers (CCD) peuvent se faire reconna\u00eetre par un bracelet en silicone. Le bracelet existe en diff\u00e9rentes couleurs correspondant \u00e0 la <a title=\"Le Clean Code Developer Grade\" href=\"http:\/\/clean-code-developer.de\/fr\/qui-est-en-train-de\/\">CCD Grade<\/a>.<\/p>\n<p>Cependant, le bracelet n'est pas seulement con\u00e7u comme un signe de reconnaissance, mais aussi comme un outil de travail. Il sert de support \u00e0 la r\u00e9flexion quotidienne sur le travail. En effet, lorsqu'un CCD se rend compte qu'il a agi \u00e0 l'encontre d'un principe de son grade ou d'un pr\u00e9c\u00e9dent, il passe le bracelet d'un bras \u00e0 l'autre. Ce faisant, il souligne par un acte sa reconnaissance consciente d'aller encore plus loin dans le sens du <a title=\"Syst\u00e8me de valeurs\" href=\"http:\/\/clean-code-developer.de\/fr\/le-systeme-de-valeurs\/\">Syst\u00e8me de mesure CCD<\/a> de devoir travailler.<\/p>\n<p>En fin de compte, un CCD peut bien s\u00fbr utiliser n'importe quel outil d'apprentissage de son choix, ou aucun. Nous aimerions toutefois que le plus grand nombre possible de CCD portent un bracelet CCD afin d'aider le syst\u00e8me de valeurs CCD \u00e0 gagner en visibilit\u00e9. C'est pourquoi nous proposons \u00e0 la vente des bracelets CCD pour les grades CCD \u00e0 un prix modique.<\/p>\n<h2>Bracelets dans la boutique en ligne<\/h2>\n<p><a title=\"Commander des bracelets chez generic.fr.\" href=\"https:\/\/shop.generic.de\/\" target=\"_blank\" rel=\"noopener noreferrer\">Commander des bracelets chez generic.fr.<\/a><\/p>","protected":false},"excerpt":{"rendered":"<p>Das Clean Code Developer Armband Clean Code Developer (CCD) k\u00f6nnen sich durch ein Silikonarmband zu erkennen geben. Das Armband gibt es in verschiedenen Farben entsprechend der CCD Grade. Das Armband ist allerdings nicht nur als Erkennungszeichen gedacht, sondern auch als Arbeitsmittel. Es dient zur Unterst\u00fctzung der t\u00e4glichen Reflexion \u00fcber die Arbeit. Denn wenn ein CCD [&hellip;]<\/p>\n","protected":false},"author":3,"featured_media":0,"parent":95,"menu_order":1,"comment_status":"closed","ping_status":"closed","template":"","meta":{"site-sidebar-layout":"default","site-content-layout":"","ast-site-content-layout":"default","site-content-style":"default","site-sidebar-style":"default","ast-global-header-display":"","ast-banner-title-visibility":"","ast-main-header-display":"","ast-hfb-above-header-display":"","ast-hfb-below-header-display":"","ast-hfb-mobile-header-display":"","site-post-title":"","ast-breadcrumbs-content":"","ast-featured-img":"","footer-sml-layout":"","ast-disable-related-posts":"","theme-transparent-header-meta":"","adv-header-id-meta":"","stick-header-meta":"","header-above-stick-meta":"","header-main-stick-meta":"","header-below-stick-meta":"","astra-migrate-meta-layouts":"default","ast-page-background-enabled":"default","ast-page-background-meta":{"desktop":{"background-color":"var(--ast-global-color-4)","background-image":"","background-repeat":"repeat","background-position":"center center","background-size":"auto","background-attachment":"scroll","background-type":"","background-media":"","overlay-type":"","overlay-color":"","overlay-opacity":"","overlay-gradient":""},"tablet":{"background-color":"","background-image":"","background-repeat":"repeat","background-position":"center center","background-size":"auto","background-attachment":"scroll","background-type":"","background-media":"","overlay-type":"","overlay-color":"","overlay-opacity":"","overlay-gradient":""},"mobile":{"background-color":"","background-image":"","background-repeat":"repeat","background-position":"center center","background-size":"auto","background-attachment":"scroll","background-type":"","background-media":"","overlay-type":"","overlay-color":"","overlay-opacity":"","overlay-gradient":""}},"ast-content-background-meta":{"desktop":{"background-color":"var(--ast-global-color-5)","background-image":"","background-repeat":"repeat","background-position":"center center","background-size":"auto","background-attachment":"scroll","background-type":"","background-media":"","overlay-type":"","overlay-color":"","overlay-opacity":"","overlay-gradient":""},"tablet":{"background-color":"var(--ast-global-color-5)","background-image":"","background-repeat":"repeat","background-position":"center center","background-size":"auto","background-attachment":"scroll","background-type":"","background-media":"","overlay-type":"","overlay-color":"","overlay-opacity":"","overlay-gradient":""},"mobile":{"background-color":"var(--ast-global-color-5)","background-image":"","background-repeat":"repeat","background-position":"center center","background-size":"auto","background-attachment":"scroll","background-type":"","background-media":"","overlay-type":"","overlay-color":"","overlay-opacity":"","overlay-gradient":""}},"footnotes":""},"class_list":["post-98","page","type-page","status-publish","hentry"],"aioseo_notices":[],"_links":{"self":[{"href":"https:\/\/clean-code-developer.de\/fr\/wp-json\/wp\/v2\/pages\/98","targetHints":{"allow":["GET"]}}],"collection":[{"href":"https:\/\/clean-code-developer.de\/fr\/wp-json\/wp\/v2\/pages"}],"about":[{"href":"https:\/\/clean-code-developer.de\/fr\/wp-json\/wp\/v2\/types\/page"}],"author":[{"embeddable":true,"href":"https:\/\/clean-code-developer.de\/fr\/wp-json\/wp\/v2\/users\/3"}],"replies":[{"embeddable":true,"href":"https:\/\/clean-code-developer.de\/fr\/wp-json\/wp\/v2\/comments?post=98"}],"version-history":[{"count":5,"href":"https:\/\/clean-code-developer.de\/fr\/wp-json\/wp\/v2\/pages\/98\/revisions"}],"predecessor-version":[{"id":806,"href":"https:\/\/clean-code-developer.de\/fr\/wp-json\/wp\/v2\/pages\/98\/revisions\/806"}],"up":[{"embeddable":true,"href":"https:\/\/clean-code-developer.de\/fr\/wp-json\/wp\/v2\/pages\/95"}],"wp:attachment":[{"href":"https:\/\/clean-code-developer.de\/fr\/wp-json\/wp\/v2\/media?parent=98"}],"curies":[{"name":"wp","href":"https:\/\/api.w.org\/{rel}","templated":true}]}}